{"id":1141,"date":"2021-06-09T13:35:03","date_gmt":"2021-06-09T11:35:03","guid":{"rendered":"http:\/\/acamusiquewb.be\/?page_id=1141"},"modified":"2025-09-15T15:10:11","modified_gmt":"2025-09-15T13:10:11","slug":"bois-vents-jazz","status":"publish","type":"page","link":"https:\/\/acamusiquewb.be\/index.php\/bois-vents-jazz\/","title":{"rendered":"Bois Jazz"},"content":{"rendered":"\n<p>Professeur :<\/p>\n\n\n\n<ul class=\"wp-block-list\">\n<li>M. Daniel Stokart<\/li>\n<\/ul>\n\n\n\n<p><\/p>\n\n\n\n<p class=\"has-medium-font-size\"><strong><em>HORAIRE 2025-2026<\/em><\/strong><\/p>\n\n\n\n<ul class=\"wp-block-list\">\n<li>Mardi de 16h10 \u00e0 17h50 et de 19h30 \u00e0 20h20<\/li>\n<\/ul>\n\n\n\n<p><\/p>\n\n\n\n<p class=\"has-medium-font-size\"><strong><em>ORGANISATION<\/em><\/strong><\/p>\n\n\n\n<ul class=\"wp-block-list\">\n<li>Fili\u00e8re de qualification uniquement \u2013 Cinq ann\u00e9es<\/li>\n\n\n\n<li>Passage d\u2019une audition obligatoire<\/li>\n\n\n\n<li>P\u00e9riodes de 50 min de cours <\/li>\n<\/ul>\n\n\n\n<p><\/p>\n\n\n\n<p class=\"has-medium-font-size\"><strong><em>CONDITIONS D&rsquo;ACC\u00c8S<\/em><\/strong><\/p>\n\n\n\n<ul class=\"wp-block-list\">\n<li>A partir de 14 ans<\/li>\n\n\n\n<li>S&rsquo;\u00eatre acquitt\u00e9 du minerval et avoir fourni les documents utiles dans les d\u00e9lais prescrits.<\/li>\n\n\n\n<li>Obligation de suivre une seconde p\u00e9riode \u00e0 l&rsquo;acad\u00e9mie<\/li>\n\n\n\n<li>Avoir termin\u00e9 la fili\u00e8re de formation au cours d&rsquo;instrument, ou niveau \u00e9quivalent (pratique et exp\u00e9rience).&nbsp;Le cas \u00e9ch\u00e9ant et en fonction des places disponibles, les candidats seront contact\u00e9s afin de rencontrer le professeur.&nbsp;<\/li>\n<\/ul>\n\n\n\n<p><\/p>\n","protected":false},"excerpt":{"rendered":"<p>Professeur : HORAIRE 2025-2026 ORGANISATION CONDITIONS D&rsquo;ACC\u00c8S<\/p>\n","protected":false},"author":1,"featured_media":0,"parent":0,"menu_order":0,"comment_status":"closed","ping_status":"closed","template":"","meta":{"_acf_changed":false,"footnotes":""},"class_list":["post-1141","page","type-page","status-publish","hentry"],"acf":[],"_links":{"self":[{"href":"https:\/\/acamusiquewb.be\/index.php\/wp-json\/wp\/v2\/pages\/1141","targetHints":{"allow":["GET"]}}],"collection":[{"href":"https:\/\/acamusiquewb.be\/index.php\/wp-json\/wp\/v2\/pages"}],"about":[{"href":"https:\/\/acamusiquewb.be\/index.php\/wp-json\/wp\/v2\/types\/page"}],"author":[{"embeddable":true,"href":"https:\/\/acamusiquewb.be\/index.php\/wp-json\/wp\/v2\/users\/1"}],"replies":[{"embeddable":true,"href":"https:\/\/acamusiquewb.be\/index.php\/wp-json\/wp\/v2\/comments?post=1141"}],"version-history":[{"count":20,"href":"https:\/\/acamusiquewb.be\/index.php\/wp-json\/wp\/v2\/pages\/1141\/revisions"}],"predecessor-version":[{"id":3275,"href":"https:\/\/acamusiquewb.be\/index.php\/wp-json\/wp\/v2\/pages\/1141\/revisions\/3275"}],"wp:attachment":[{"href":"https:\/\/acamusiquewb.be\/index.php\/wp-json\/wp\/v2\/media?parent=1141"}],"curies":[{"name":"wp","href":"https:\/\/api.w.org\/{rel}","templated":true}]}}