{"id":1162,"date":"2021-06-09T14:28:39","date_gmt":"2021-06-09T12:28:39","guid":{"rendered":"http:\/\/acamusiquewb.be\/?page_id=1162"},"modified":"2025-09-08T16:14:53","modified_gmt":"2025-09-08T14:14:53","slug":"eveil-musical","status":"publish","type":"page","link":"https:\/\/acamusiquewb.be\/index.php\/eveil-musical\/","title":{"rendered":"Eveil Musical (de 2,5 \u00e0 4,5 ans)"},"content":{"rendered":"\n<p class=\"has-medium-font-size\"><strong><em>Ateliers extrascolaires organis\u00e9s par la commune de Watermael-Boitsfort<\/em><\/strong><\/p>\n\n\n\n<figure class=\"wp-block-image size-full\"><img decoding=\"async\" width=\"274\" height=\"88\" src=\"https:\/\/acamusiquewb.be\/wp-content\/uploads\/2023\/10\/image.png\" alt=\"\" class=\"wp-image-2191\"\/><\/figure>\n\n\n\n<div class=\"wp-block-group\"><div class=\"wp-block-group__inner-container is-layout-flow wp-block-group-is-layout-flow\">\n<p class=\"has-medium-font-size\"><em><strong>Professeure :<\/strong><\/em><\/p>\n\n\n\n<ul class=\"wp-block-list\">\n<li>Mme Elena DUNKELMAN les lundi, mardi et mercredi<\/li>\n<\/ul>\n<\/div><\/div>\n\n\n\n<p><\/p>\n\n\n\n<p class=\"has-medium-font-size\"><strong><em>HORAIRE 2025-2026<\/em><\/strong><\/p>\n\n\n\n<ul class=\"wp-block-list\">\n<li>Lundi de 16h \u00e0 16h50 (groupe A) et de 17h \u00e0 17h50 (groupe B)<\/li>\n<\/ul>\n\n\n\n<ul class=\"wp-block-list\">\n<li>Mardi de 16h \u00e0 16h50 (groupe A) et de 17h \u00e0 17h50 (groupe B)<\/li>\n<\/ul>\n\n\n\n<ul class=\"wp-block-list\">\n<li>Mercredi de 16h00 \u00e0 16h50 (groupe A) et de 17h00 \u00e0 17h50 (groupe B)<\/li>\n<\/ul>\n\n\n\n<p><\/p>\n\n\n\n<p class=\"has-medium-font-size\"><strong><em>INSCRIPTION<\/em><\/strong><\/p>\n\n\n\n<ul class=\"wp-block-list has-medium-font-size\">\n<li>Mi septembre :\n<ul class=\"wp-block-list\">\n<li>les <strong>anciens \u00e9l\u00e8ves<\/strong> seront contact\u00e9s <strong>par mail<\/strong> par le service ATL de la commune <strong>d\u00e9but septembre<\/strong><\/li>\n\n\n\n<li>pour les <strong>nouveaux \u00e9l\u00e8ves<\/strong>, <strong>inscriptions vers la mi-septembre<\/strong> <a href=\"https:\/\/www.watermael-boitsfort.be\/fr\/vivre-a-watermael-boitsfort\/enseignement\/accueil-extra-scolaire\" data-type=\"link\" data-id=\"https:\/\/www.watermael-boitsfort.be\/fr\/vivre-a-watermael-boitsfort\/enseignement\/accueil-extra-scolaire\" target=\"_blank\" rel=\"noreferrer noopener\"><strong>via formulaire internet<\/strong> <\/a>accessible sur le site de la commune de Watermael-Boitsfort<\/li>\n<\/ul>\n<\/li>\n<\/ul>\n\n\n\n<p><\/p>\n\n\n\n<p class=\"has-medium-font-size\"><strong><em>CONDITIONS D&rsquo;ACC\u00c8S<\/em><\/strong><\/p>\n\n\n\n<ul class=\"wp-block-list\">\n<li>A partir de 2,5 ans jusqu\u2019\u00e0 4,5 ans.<\/li>\n\n\n\n<li><strong>Priorit\u00e9 aux r\u00e9sidents de la commune de Watermael-Boitsfort ou dont l&rsquo;enfant est scolaris\u00e9 dans une \u00e9cole de la commune de Watermael-Boitsfort<\/strong><\/li>\n<\/ul>\n\n\n\n<p><\/p>\n\n\n\n<p class=\"has-medium-font-size\"><strong><em>CONTACT ATL (Accueil Temps Libre) COMMUNE DE WATERMAEL-BOITSFORT<\/em><\/strong><\/p>\n\n\n\n<p><strong>Ad\u00e8le Minette<\/strong><\/p>\n\n\n\n<p>Collaboratrice Accueil Temps Libre<\/p>\n\n\n\n<p>All\u00e9e Jacques Wiener, 3 \u2013 1170 Bruxelles<\/p>\n\n\n\n<p>T\u00e9l&nbsp;: 02.674.74.98 \u2013 0490.476.045<\/p>\n\n\n\n<p><strong><a href=\"mailto:a.minette@wb1170.edu.brussels\" target=\"_blank\" rel=\"noreferrer noopener\">extrascolaire@wb1170.edu.brussels<\/a><\/strong><\/p>\n\n\n\n<p>Travail temps partiel: les mardi, mercredi et jeudi<\/p>\n\n\n\n<figure class=\"wp-block-image size-large is-resized\"><img fetchpriority=\"high\" decoding=\"async\" width=\"1024\" height=\"327\" src=\"https:\/\/acamusiquewb.be\/wp-content\/uploads\/2024\/08\/image-1024x327.png\" alt=\"\" class=\"wp-image-2431\" style=\"width:302px;height:auto\" srcset=\"https:\/\/acamusiquewb.be\/wp-content\/uploads\/2024\/08\/image-1024x327.png 1024w, https:\/\/acamusiquewb.be\/wp-content\/uploads\/2024\/08\/image-300x96.png 300w, https:\/\/acamusiquewb.be\/wp-content\/uploads\/2024\/08\/image-768x245.png 768w, https:\/\/acamusiquewb.be\/wp-content\/uploads\/2024\/08\/image.png 1389w\" sizes=\"(max-width: 1024px) 100vw, 1024px\" \/><\/figure>\n\n\n\n<p><\/p>\n","protected":false},"excerpt":{"rendered":"<p>Ateliers extrascolaires organis\u00e9s par la commune de Watermael-Boitsfort Professeure : HORAIRE 2025-2026 INSCRIPTION CONDITIONS D&rsquo;ACC\u00c8S CONTACT ATL (Accueil Temps Libre) COMMUNE DE WATERMAEL-BOITSFORT Ad\u00e8le Minette Collaboratrice Accueil Temps Libre All\u00e9e Jacques Wiener, 3 \u2013 1170 Bruxelles T\u00e9l&nbsp;: 02.674.74.98 \u2013 0490.476.045 extrascolaire@wb1170.edu.brussels Travail temps partiel: les mardi, mercredi et jeudi<\/p>\n","protected":false},"author":1,"featured_media":0,"parent":0,"menu_order":0,"comment_status":"closed","ping_status":"closed","template":"","meta":{"_acf_changed":false,"footnotes":""},"class_list":["post-1162","page","type-page","status-publish","hentry"],"acf":[],"_links":{"self":[{"href":"https:\/\/acamusiquewb.be\/index.php\/wp-json\/wp\/v2\/pages\/1162","targetHints":{"allow":["GET"]}}],"collection":[{"href":"https:\/\/acamusiquewb.be\/index.php\/wp-json\/wp\/v2\/pages"}],"about":[{"href":"https:\/\/acamusiquewb.be\/index.php\/wp-json\/wp\/v2\/types\/page"}],"author":[{"embeddable":true,"href":"https:\/\/acamusiquewb.be\/index.php\/wp-json\/wp\/v2\/users\/1"}],"replies":[{"embeddable":true,"href":"https:\/\/acamusiquewb.be\/index.php\/wp-json\/wp\/v2\/comments?post=1162"}],"version-history":[{"count":63,"href":"https:\/\/acamusiquewb.be\/index.php\/wp-json\/wp\/v2\/pages\/1162\/revisions"}],"predecessor-version":[{"id":3218,"href":"https:\/\/acamusiquewb.be\/index.php\/wp-json\/wp\/v2\/pages\/1162\/revisions\/3218"}],"wp:attachment":[{"href":"https:\/\/acamusiquewb.be\/index.php\/wp-json\/wp\/v2\/media?parent=1162"}],"curies":[{"name":"wp","href":"https:\/\/api.w.org\/{rel}","templated":true}]}}