{"id":2237,"date":"2024-07-10T01:32:22","date_gmt":"2024-07-09T23:32:22","guid":{"rendered":"https:\/\/acamusiquewb.be\/?page_id=2237"},"modified":"2025-09-26T14:50:25","modified_gmt":"2025-09-26T12:50:25","slug":"agenda-electronique","status":"publish","type":"page","link":"https:\/\/acamusiquewb.be\/index.php\/agenda-electronique\/","title":{"rendered":"AGENDA EN LIGNE"},"content":{"rendered":"\n<p class=\"has-text-align-center has-pale-cyan-blue-background-color has-background has-medium-font-size\"><strong>LES INSCRIPTIONS \u00c9TANT CLOTUR\u00c9ES DEPUIS LE 23\/09\/2025, L&rsquo;AGENDA EST DONC D\u00c9SORMAIS INDISPONIBLE. <\/strong><\/p>\n\n\n\n<p class=\"has-text-align-center has-pale-cyan-blue-background-color has-background has-medium-font-size\"><strong>RENDEZ-VOUS L&rsquo;ANN\u00c9E PROCHAINE !<\/strong><\/p>\n\n\n\n<p><\/p>\n\n\n\n<p><\/p>\n\n\n\n<p class=\"has-black-color has-text-color has-link-color has-medium-font-size wp-elements-5ba14c068e8b7b78754da77fd8e41cfa\">Prise de rdv pour les <strong>NOUVEAUX \u00e9l\u00e8ves<\/strong> (qui n&rsquo;\u00e9taient pas d\u00e9j\u00e0 inscrits en 2024-2025) \u00e0 <strong>l&rsquo;Acad\u00e9mie (\u00e9l\u00e8ves \u00e0 partir de 5 ans, n\u00e9s en 2020)<\/strong> <strong>pour l&rsquo;ann\u00e9e scolaire 2025-2026<\/strong>, ainsi que pour les \u00e9l\u00e8ves inscrits en 2024-2025 ayant rat\u00e9 la p\u00e9riode des r\u00e9inscriptions.<\/p>\n\n\n\n<p class=\"has-medium-font-size\"><strong>ATTENTION<\/strong>: <strong>Pas d&rsquo;inscription pour des \u00e9l\u00e8ves de moins de 5 ans (n\u00e9s apr\u00e8s 2020), voir \u00e9veil musical<\/strong> <a href=\"https:\/\/acamusiquewb.be\/index.php\/eveil-musical\/\" data-type=\"page\" data-id=\"1162\" target=\"_blank\" rel=\"noreferrer noopener\"><strong>ICI<\/strong><\/a><\/p>\n\n\n\n<p class=\"has-black-color has-text-color has-link-color has-medium-font-size wp-elements-7b93566122539c6531f3ffb629d3c5d4\">Les inscriptions ont lieu SUR PLACE au secr\u00e9tariat de l&rsquo;Acad\u00e9mie <strong>du mercredi 20 ao\u00fbt au mardi 23 septembre 2025.<\/strong><\/p>\n\n\n\n<p class=\"has-text-color has-link-color has-medium-font-size wp-elements-1cd970d9da9c93c898cb69b76b621f25\" style=\"color:#0673b2\"><strong>Rentr\u00e9e scolaire: lundi 25 ao\u00fbt 2025<\/strong><\/p>\n\n\n\n<p class=\"has-medium-font-size\">Vous devez prendre autant de rdv que de personnes \u00e0 inscrire, 1 personne =1 rdv, 2 personnes = 2 rdv, etc&#8230;<strong>SELECTIONNER LE NOMBRE DE PERSONNES A INSCRIRE DANS LA BARRE DE MENU DEROULANT<\/strong><\/p>\n\n\n\n<p class=\"has-vivid-red-color has-text-color has-link-color has-medium-font-size wp-elements-64def8d54e5faa9002854bdd469c21db\"><strong>!!!!!VERIFIEZ BIEN DANS VOS SPAMS POUR LE MAIL DE CONFIRMATION DE RDV!!!!<\/strong><\/p>\n","protected":false},"excerpt":{"rendered":"<p>LES INSCRIPTIONS \u00c9TANT CLOTUR\u00c9ES DEPUIS LE 23\/09\/2025, L&rsquo;AGENDA EST DONC D\u00c9SORMAIS INDISPONIBLE. RENDEZ-VOUS L&rsquo;ANN\u00c9E PROCHAINE ! Prise de rdv pour les NOUVEAUX \u00e9l\u00e8ves (qui n&rsquo;\u00e9taient pas d\u00e9j\u00e0 inscrits en 2024-2025) \u00e0 l&rsquo;Acad\u00e9mie (\u00e9l\u00e8ves \u00e0 partir de 5 ans, n\u00e9s en 2020) pour l&rsquo;ann\u00e9e scolaire 2025-2026, ainsi que pour les \u00e9l\u00e8ves inscrits en 2024-2025 ayant rat\u00e9 la p\u00e9riode des r\u00e9inscriptions. ATTENTION:&#8230;<\/p>\n","protected":false},"author":1,"featured_media":0,"parent":0,"menu_order":0,"comment_status":"closed","ping_status":"closed","template":"","meta":{"_acf_changed":false,"footnotes":""},"class_list":["post-2237","page","type-page","status-publish","hentry"],"acf":[],"_links":{"self":[{"href":"https:\/\/acamusiquewb.be\/index.php\/wp-json\/wp\/v2\/pages\/2237","targetHints":{"allow":["GET"]}}],"collection":[{"href":"https:\/\/acamusiquewb.be\/index.php\/wp-json\/wp\/v2\/pages"}],"about":[{"href":"https:\/\/acamusiquewb.be\/index.php\/wp-json\/wp\/v2\/types\/page"}],"author":[{"embeddable":true,"href":"https:\/\/acamusiquewb.be\/index.php\/wp-json\/wp\/v2\/users\/1"}],"replies":[{"embeddable":true,"href":"https:\/\/acamusiquewb.be\/index.php\/wp-json\/wp\/v2\/comments?post=2237"}],"version-history":[{"count":44,"href":"https:\/\/acamusiquewb.be\/index.php\/wp-json\/wp\/v2\/pages\/2237\/revisions"}],"predecessor-version":[{"id":3373,"href":"https:\/\/acamusiquewb.be\/index.php\/wp-json\/wp\/v2\/pages\/2237\/revisions\/3373"}],"wp:attachment":[{"href":"https:\/\/acamusiquewb.be\/index.php\/wp-json\/wp\/v2\/media?parent=2237"}],"curies":[{"name":"wp","href":"https:\/\/api.w.org\/{rel}","templated":true}]}}