{"id":2893,"date":"2025-06-06T16:57:12","date_gmt":"2025-06-06T14:57:12","guid":{"rendered":"http:\/\/acamusiquewb.be\/?page_id=2893"},"modified":"2025-10-02T17:35:12","modified_gmt":"2025-10-02T15:35:12","slug":"improvisation-theatrale","status":"publish","type":"page","link":"https:\/\/acamusiquewb.be\/index.php\/improvisation-theatrale\/","title":{"rendered":"Improvisation th\u00e9\u00e2trale"},"content":{"rendered":"\n<p class=\"has-medium-font-size\"><strong><em>COURS COLLECTIFS<\/em><\/strong><\/p>\n\n\n\n<p>Ce cours est ouvert \u00e0 celles et ceux qui veulent relever le d\u00e9fi de la prise de parole directe, la cr\u00e9ation d&rsquo;histoires invent\u00e9es \u00e0 l&rsquo;instant, \u00e0 la construction d&rsquo;\u00e9pop\u00e9es en groupe. Le travail technique du com\u00e9dien sera aussi abord\u00e9 \u00e0 travers les exercices vocaux, corporels et articulatoires. <\/p>\n\n\n\n<p><\/p>\n\n\n\n<p>Professeure :<\/p>\n\n\n\n<ul class=\"wp-block-list\">\n<li>Mme Sylvie MALADRY<\/li>\n<\/ul>\n\n\n\n<p><\/p>\n\n\n\n<p class=\"has-medium-font-size\"><strong><em>HORAIRES 2025-2026<\/em><\/strong><\/p>\n\n\n\n<ul class=\"wp-block-list\">\n<li><strong>Adultes \u00e0 partir de 16 ans<\/strong> Lundi de 19h10 \u00e0 20h50<\/li>\n\n\n\n<li><strong>Ados de 12 \u00e0 16 ans<\/strong> Vendredi de 16h \u00e0 17h40<\/li>\n<\/ul>\n\n\n\n<p><\/p>\n\n\n\n<p class=\"has-medium-font-size\"><strong><em>CONDITIONS D&rsquo;ACC\u00c8S<\/em><\/strong><\/p>\n\n\n\n<ul class=\"wp-block-list\">\n<li>A partir de 12 ans<\/li>\n\n\n\n<li>Fr\u00e9quenter r\u00e9guli\u00e8rement un des cours suivants : th\u00e9\u00e2tre, d\u00e9clamation, \u00e9loquence ou avoir obtenu le certification de formation ou qualification dans un de ces cours.<\/li>\n<\/ul>\n\n\n\n<p><\/p>\n\n\n\n<p><\/p>\n","protected":false},"excerpt":{"rendered":"<p>COURS COLLECTIFS Ce cours est ouvert \u00e0 celles et ceux qui veulent relever le d\u00e9fi de la prise de parole directe, la cr\u00e9ation d&rsquo;histoires invent\u00e9es \u00e0 l&rsquo;instant, \u00e0 la construction d&rsquo;\u00e9pop\u00e9es en groupe. Le travail technique du com\u00e9dien sera aussi abord\u00e9 \u00e0 travers les exercices vocaux, corporels et articulatoires. Professeure : HORAIRES 2025-2026 CONDITIONS D&rsquo;ACC\u00c8S<\/p>\n","protected":false},"author":1,"featured_media":0,"parent":0,"menu_order":0,"comment_status":"closed","ping_status":"closed","template":"","meta":{"_acf_changed":false,"footnotes":""},"class_list":["post-2893","page","type-page","status-publish","hentry"],"acf":[],"_links":{"self":[{"href":"https:\/\/acamusiquewb.be\/index.php\/wp-json\/wp\/v2\/pages\/2893","targetHints":{"allow":["GET"]}}],"collection":[{"href":"https:\/\/acamusiquewb.be\/index.php\/wp-json\/wp\/v2\/pages"}],"about":[{"href":"https:\/\/acamusiquewb.be\/index.php\/wp-json\/wp\/v2\/types\/page"}],"author":[{"embeddable":true,"href":"https:\/\/acamusiquewb.be\/index.php\/wp-json\/wp\/v2\/users\/1"}],"replies":[{"embeddable":true,"href":"https:\/\/acamusiquewb.be\/index.php\/wp-json\/wp\/v2\/comments?post=2893"}],"version-history":[{"count":16,"href":"https:\/\/acamusiquewb.be\/index.php\/wp-json\/wp\/v2\/pages\/2893\/revisions"}],"predecessor-version":[{"id":3379,"href":"https:\/\/acamusiquewb.be\/index.php\/wp-json\/wp\/v2\/pages\/2893\/revisions\/3379"}],"wp:attachment":[{"href":"https:\/\/acamusiquewb.be\/index.php\/wp-json\/wp\/v2\/media?parent=2893"}],"curies":[{"name":"wp","href":"https:\/\/api.w.org\/{rel}","templated":true}]}}