{"id":2896,"date":"2025-06-06T17:04:47","date_gmt":"2025-06-06T15:04:47","guid":{"rendered":"http:\/\/acamusiquewb.be\/?page_id=2896"},"modified":"2025-09-16T16:48:38","modified_gmt":"2025-09-16T14:48:38","slug":"orthophonie","status":"publish","type":"page","link":"https:\/\/acamusiquewb.be\/index.php\/orthophonie\/","title":{"rendered":"Orthophonie"},"content":{"rendered":"\n<p class=\"has-medium-font-size\"><strong><em>COURS COLLECTIFS<\/em><\/strong><\/p>\n\n\n\n<p>Le cours d&rsquo;orthophonie a pour but l&rsquo;apprentissage th\u00e9orique et technique des moyens de prise de parole ainsi que de la norme orthophonique du fran\u00e7ais. Comment puis-je faire pour parler sur sc\u00e8ne fort et sans me fatiguer ? Comment prononcer tel ou tel mot? Nous r\u00e9pondrons \u00e0 ces questions en voyageant au sein des myst\u00e8res de la prononciation fran\u00e7aise.<\/p>\n\n\n\n<p><\/p>\n\n\n\n<p>Professeur :<\/p>\n\n\n\n<ul class=\"wp-block-list\">\n<li>M. Olivier CEUX<\/li>\n<\/ul>\n\n\n\n<p><\/p>\n\n\n\n<p class=\"has-medium-font-size\"><strong><em>HORAIRES 2025-2026<\/em><\/strong><\/p>\n\n\n\n<ul class=\"wp-block-list\">\n<li>Jeudi de 16h30 \u00e0 17h20<\/li>\n<\/ul>\n\n\n\n<p><\/p>\n\n\n\n<p class=\"has-medium-font-size\"><strong><strong><em>CONDITIONS D&rsquo;ACC\u00c8S<\/em><\/strong><\/strong><\/p>\n\n\n\n<ul class=\"wp-block-list\">\n<li>A partir de 12 ans<\/li>\n<\/ul>\n\n\n\n<p><\/p>\n","protected":false},"excerpt":{"rendered":"<p>COURS COLLECTIFS Le cours d&rsquo;orthophonie a pour but l&rsquo;apprentissage th\u00e9orique et technique des moyens de prise de parole ainsi que de la norme orthophonique du fran\u00e7ais. Comment puis-je faire pour parler sur sc\u00e8ne fort et sans me fatiguer ? Comment prononcer tel ou tel mot? Nous r\u00e9pondrons \u00e0 ces questions en voyageant au sein des myst\u00e8res de la prononciation fran\u00e7aise&#8230;.<\/p>\n","protected":false},"author":1,"featured_media":0,"parent":0,"menu_order":0,"comment_status":"closed","ping_status":"closed","template":"","meta":{"_acf_changed":false,"footnotes":""},"class_list":["post-2896","page","type-page","status-publish","hentry"],"acf":[],"_links":{"self":[{"href":"https:\/\/acamusiquewb.be\/index.php\/wp-json\/wp\/v2\/pages\/2896","targetHints":{"allow":["GET"]}}],"collection":[{"href":"https:\/\/acamusiquewb.be\/index.php\/wp-json\/wp\/v2\/pages"}],"about":[{"href":"https:\/\/acamusiquewb.be\/index.php\/wp-json\/wp\/v2\/types\/page"}],"author":[{"embeddable":true,"href":"https:\/\/acamusiquewb.be\/index.php\/wp-json\/wp\/v2\/users\/1"}],"replies":[{"embeddable":true,"href":"https:\/\/acamusiquewb.be\/index.php\/wp-json\/wp\/v2\/comments?post=2896"}],"version-history":[{"count":6,"href":"https:\/\/acamusiquewb.be\/index.php\/wp-json\/wp\/v2\/pages\/2896\/revisions"}],"predecessor-version":[{"id":3329,"href":"https:\/\/acamusiquewb.be\/index.php\/wp-json\/wp\/v2\/pages\/2896\/revisions\/3329"}],"wp:attachment":[{"href":"https:\/\/acamusiquewb.be\/index.php\/wp-json\/wp\/v2\/media?parent=2896"}],"curies":[{"name":"wp","href":"https:\/\/api.w.org\/{rel}","templated":true}]}}