{"id":2920,"date":"2025-06-06T18:06:26","date_gmt":"2025-06-06T16:06:26","guid":{"rendered":"http:\/\/acamusiquewb.be\/?page_id=2920"},"modified":"2025-09-08T15:37:13","modified_gmt":"2025-09-08T13:37:13","slug":"atelier-danse-jazz","status":"publish","type":"page","link":"https:\/\/acamusiquewb.be\/index.php\/atelier-danse-jazz\/","title":{"rendered":"Atelier danse jazz adultes"},"content":{"rendered":"\n<p class=\"has-medium-font-size\">Expression chor\u00e9graphique danse jazz <strong>pour adultes<\/strong> (\u00e0 partir de 16 ans)<\/p>\n\n\n\n<p class=\"has-medium-font-size\"><strong><em>COURS COLLECTIFS<\/em><\/strong><\/p>\n\n\n\n<p>Professeure : <\/p>\n\n\n\n<ul class=\"wp-block-list\">\n<li>Mme Frankie D&rsquo;ANDREA<\/li>\n<\/ul>\n\n\n\n<p><\/p>\n\n\n\n<p class=\"has-medium-font-size\"><strong><em>HORAIRES 2025-2026<\/em><\/strong><\/p>\n\n\n\n<ul class=\"wp-block-list\">\n<li>Jeudi de 20h10 \u00e0 21h00<\/li>\n<\/ul>\n\n\n\n<p><\/p>\n\n\n\n<p class=\"has-medium-font-size\"><strong><em>CONDITIONS D&rsquo;ACC<em><strong>\u00c8<\/strong><\/em>S<\/em><\/strong><\/p>\n\n\n\n<ul class=\"wp-block-list\">\n<li>Etre \u00e2g\u00e9 de 16 ans minimum<\/li>\n<\/ul>\n","protected":false},"excerpt":{"rendered":"<p>Expression chor\u00e9graphique danse jazz pour adultes (\u00e0 partir de 16 ans) COURS COLLECTIFS Professeure : HORAIRES 2025-2026 CONDITIONS D&rsquo;ACC\u00c8S<\/p>\n","protected":false},"author":1,"featured_media":0,"parent":0,"menu_order":0,"comment_status":"closed","ping_status":"closed","template":"","meta":{"_acf_changed":false,"footnotes":""},"class_list":["post-2920","page","type-page","status-publish","hentry"],"acf":[],"_links":{"self":[{"href":"https:\/\/acamusiquewb.be\/index.php\/wp-json\/wp\/v2\/pages\/2920","targetHints":{"allow":["GET"]}}],"collection":[{"href":"https:\/\/acamusiquewb.be\/index.php\/wp-json\/wp\/v2\/pages"}],"about":[{"href":"https:\/\/acamusiquewb.be\/index.php\/wp-json\/wp\/v2\/types\/page"}],"author":[{"embeddable":true,"href":"https:\/\/acamusiquewb.be\/index.php\/wp-json\/wp\/v2\/users\/1"}],"replies":[{"embeddable":true,"href":"https:\/\/acamusiquewb.be\/index.php\/wp-json\/wp\/v2\/comments?post=2920"}],"version-history":[{"count":11,"href":"https:\/\/acamusiquewb.be\/index.php\/wp-json\/wp\/v2\/pages\/2920\/revisions"}],"predecessor-version":[{"id":3208,"href":"https:\/\/acamusiquewb.be\/index.php\/wp-json\/wp\/v2\/pages\/2920\/revisions\/3208"}],"wp:attachment":[{"href":"https:\/\/acamusiquewb.be\/index.php\/wp-json\/wp\/v2\/media?parent=2920"}],"curies":[{"name":"wp","href":"https:\/\/api.w.org\/{rel}","templated":true}]}}