{"id":3039,"date":"2025-07-07T16:38:29","date_gmt":"2025-07-07T14:38:29","guid":{"rendered":"http:\/\/acamusiquewb.be\/?page_id=3039"},"modified":"2025-10-03T18:05:58","modified_gmt":"2025-10-03T16:05:58","slug":"clavier-daccompagnement","status":"publish","type":"page","link":"https:\/\/acamusiquewb.be\/index.php\/clavier-daccompagnement\/","title":{"rendered":"Clavier d&rsquo;accompagnement"},"content":{"rendered":"\n<p class=\"has-medium-font-size\"><strong><em>COURS COLLECTIFS<\/em><\/strong><\/p>\n\n\n\n<p>Professeur : <\/p>\n\n\n\n<ul class=\"wp-block-list\">\n<li>M. Christophe POSTAL<\/li>\n<\/ul>\n\n\n\n<p><\/p>\n\n\n\n<p class=\"has-medium-font-size\"><strong><em>HORAIRES 2025-2026<\/em><\/strong><\/p>\n\n\n\n<ul class=\"wp-block-list\">\n<li>Mardi de 18h50 \u00e0 19h40 <\/li>\n\n\n\n<li>Vendredi de 16h40 \u00e0 17h30<\/li>\n<\/ul>\n\n\n\n<p><\/p>\n\n\n\n<p class=\"has-medium-font-size\"><strong><em>CONDITIONS D&rsquo;ACC<strong>\u00c8<\/strong>S<\/em><\/strong><\/p>\n\n\n\n<ul class=\"wp-block-list\">\n<li>Sur liste d&rsquo;attente<\/li>\n\n\n\n<li>Fr\u00e9quenter r\u00e9guli\u00e8rement le cours de Formation Musicale<\/li>\n\n\n\n<li>Ou avoir obtenu le certificat de Formation Musicale \u00e0 l&rsquo;issue de la 5\u00e8me ann\u00e9e (F5) pour la fili\u00e8re enfants, de la 3\u00e8me ann\u00e9e (FA3) pour la fili\u00e8re adultes (un document prouvant que vous avez termin\u00e9 le cycle de Formation Musicale vous sera demand\u00e9)<\/li>\n\n\n\n<li>Fr\u00e9quenter r\u00e9guli\u00e8rement le cours de Qualification de piano ou avoir obtenu le certificat de Qualification de piano<\/li>\n<\/ul>\n","protected":false},"excerpt":{"rendered":"<p>COURS COLLECTIFS Professeur : HORAIRES 2025-2026 CONDITIONS D&rsquo;ACC\u00c8S<\/p>\n","protected":false},"author":1,"featured_media":0,"parent":0,"menu_order":0,"comment_status":"closed","ping_status":"closed","template":"","meta":{"_acf_changed":false,"footnotes":""},"class_list":["post-3039","page","type-page","status-publish","hentry"],"acf":[],"_links":{"self":[{"href":"https:\/\/acamusiquewb.be\/index.php\/wp-json\/wp\/v2\/pages\/3039","targetHints":{"allow":["GET"]}}],"collection":[{"href":"https:\/\/acamusiquewb.be\/index.php\/wp-json\/wp\/v2\/pages"}],"about":[{"href":"https:\/\/acamusiquewb.be\/index.php\/wp-json\/wp\/v2\/types\/page"}],"author":[{"embeddable":true,"href":"https:\/\/acamusiquewb.be\/index.php\/wp-json\/wp\/v2\/users\/1"}],"replies":[{"embeddable":true,"href":"https:\/\/acamusiquewb.be\/index.php\/wp-json\/wp\/v2\/comments?post=3039"}],"version-history":[{"count":20,"href":"https:\/\/acamusiquewb.be\/index.php\/wp-json\/wp\/v2\/pages\/3039\/revisions"}],"predecessor-version":[{"id":3384,"href":"https:\/\/acamusiquewb.be\/index.php\/wp-json\/wp\/v2\/pages\/3039\/revisions\/3384"}],"wp:attachment":[{"href":"https:\/\/acamusiquewb.be\/index.php\/wp-json\/wp\/v2\/media?parent=3039"}],"curies":[{"name":"wp","href":"https:\/\/api.w.org\/{rel}","templated":true}]}}