{"id":520,"date":"2021-03-15T23:20:11","date_gmt":"2021-03-15T22:20:11","guid":{"rendered":"http:\/\/anwabox.cluster030.hosting.ovh.net\/?page_id=520"},"modified":"2025-09-16T15:11:19","modified_gmt":"2025-09-16T13:11:19","slug":"lecture-a-vue-transposition","status":"publish","type":"page","link":"https:\/\/acamusiquewb.be\/index.php\/lecture-a-vue-transposition\/","title":{"rendered":"Lecture \u00e0 vue &#038; transposition"},"content":{"rendered":"\n<p class=\"has-medium-font-size\"><strong><em>COURS COLLECTIFS<\/em><\/strong><\/p>\n\n\n\n<p>Vous souhaitez vous am\u00e9liorer en lecture \u00e0 vue et d\u00e9couvrir tous les secrets de la transposition? Venez nous rejoindre ! Au programme : des partitions diff\u00e9rentes que l\u2019on d\u00e9chiffre chaque mercredi et<br>que l\u2019on s\u2019amuse \u00e0 jouer dans toutes les tonalit\u00e9s.<\/p>\n\n\n\n<p>Professeure :<\/p>\n\n\n\n<ul class=\"wp-block-list\">\n<li>Mme Emmanuelle WEEGER<\/li>\n<\/ul>\n\n\n\n<p><\/p>\n\n\n\n<p class=\"has-medium-font-size\"><strong><em>HORAIRE 2025-2026<\/em><\/strong><\/p>\n\n\n\n<ul class=\"wp-block-list\">\n<li>Lundi de 16h30 \u00e0 17h20 (lecture \u00e0 vue)<\/li>\n\n\n\n<li>Lundi de 17h20 \u00e0 18h10 (transposition)<\/li>\n<\/ul>\n\n\n\n<p><\/p>\n\n\n\n<p class=\"has-medium-font-size\"><strong><em>ORGANISATION<\/em><\/strong><\/p>\n\n\n\n<ul class=\"wp-block-list\">\n<li>Cours accessibles \u00e0 partir de 14 ans<\/li>\n<\/ul>\n\n\n\n<p><\/p>\n\n\n\n<p class=\"has-medium-font-size\"><strong><em>CONDITIONS D&rsquo;ACC\u00c8S<\/em><\/strong><\/p>\n\n\n\n<ul class=\"wp-block-list\">\n<li>Ma\u00eetriser les bases de la formation musicale<\/li>\n\n\n\n<li>Fr\u00e9quenter r\u00e9guli\u00e8rement un cours de formation instrumentale ou jazz<\/li>\n<\/ul>\n","protected":false},"excerpt":{"rendered":"<p>COURS COLLECTIFS Vous souhaitez vous am\u00e9liorer en lecture \u00e0 vue et d\u00e9couvrir tous les secrets de la transposition? Venez nous rejoindre ! Au programme : des partitions diff\u00e9rentes que l\u2019on d\u00e9chiffre chaque mercredi etque l\u2019on s\u2019amuse \u00e0 jouer dans toutes les tonalit\u00e9s. Professeure : HORAIRE 2025-2026 ORGANISATION CONDITIONS D&rsquo;ACC\u00c8S<\/p>\n","protected":false},"author":1,"featured_media":0,"parent":0,"menu_order":0,"comment_status":"closed","ping_status":"closed","template":"","meta":{"_acf_changed":false,"footnotes":""},"class_list":["post-520","page","type-page","status-publish","hentry"],"acf":[],"_links":{"self":[{"href":"https:\/\/acamusiquewb.be\/index.php\/wp-json\/wp\/v2\/pages\/520","targetHints":{"allow":["GET"]}}],"collection":[{"href":"https:\/\/acamusiquewb.be\/index.php\/wp-json\/wp\/v2\/pages"}],"about":[{"href":"https:\/\/acamusiquewb.be\/index.php\/wp-json\/wp\/v2\/types\/page"}],"author":[{"embeddable":true,"href":"https:\/\/acamusiquewb.be\/index.php\/wp-json\/wp\/v2\/users\/1"}],"replies":[{"embeddable":true,"href":"https:\/\/acamusiquewb.be\/index.php\/wp-json\/wp\/v2\/comments?post=520"}],"version-history":[{"count":18,"href":"https:\/\/acamusiquewb.be\/index.php\/wp-json\/wp\/v2\/pages\/520\/revisions"}],"predecessor-version":[{"id":3302,"href":"https:\/\/acamusiquewb.be\/index.php\/wp-json\/wp\/v2\/pages\/520\/revisions\/3302"}],"wp:attachment":[{"href":"https:\/\/acamusiquewb.be\/index.php\/wp-json\/wp\/v2\/media?parent=520"}],"curies":[{"name":"wp","href":"https:\/\/api.w.org\/{rel}","templated":true}]}}