{"id":545,"date":"2021-03-16T21:47:31","date_gmt":"2021-03-16T20:47:31","guid":{"rendered":"http:\/\/anwabox.cluster030.hosting.ovh.net\/?page_id=545"},"modified":"2025-09-23T13:30:57","modified_gmt":"2025-09-23T11:30:57","slug":"chant","status":"publish","type":"page","link":"https:\/\/acamusiquewb.be\/index.php\/chant\/","title":{"rendered":"Chant"},"content":{"rendered":"\n<p class=\"has-medium-font-size\"><strong><em>COURS INDIVIDUELS et semi collectifs<\/em><\/strong><\/p>\n\n\n\n<p>Professeures :<\/p>\n\n\n\n<ul class=\"wp-block-list\">\n<li class=\"has-black-color has-text-color has-link-color wp-elements-154267c313d709c52b0694eb9d75c463\">Mme Eunice Arias<\/li>\n\n\n\n<li class=\"has-black-color has-text-color has-link-color wp-elements-49b0af23b7958ce0ca6d182a29dfaa04\">Mme S\u00e9verine Delforge<\/li>\n<\/ul>\n\n\n\n<p><\/p>\n\n\n\n<p class=\"has-medium-font-size\"><strong><em>HORAIRE 2025-2026<\/em><\/strong><\/p>\n\n\n\n<ul class=\"wp-block-list\">\n<li class=\"has-black-color has-text-color has-link-color wp-elements-fcb4901fa3bf90341fd40e2d0d1503b0\">Lundi entre 15h et 20h10<\/li>\n\n\n\n<li class=\"has-black-color has-text-color has-link-color wp-elements-69400bf853aa2a8d06e06579f1533a44\">Mardi entre 14h15 et 20h40<\/li>\n\n\n\n<li class=\"has-black-color has-text-color has-link-color wp-elements-f58d78790c853539f4fc6a520f104a1c\">Mercredi entre 13h35 et 15h15<\/li>\n\n\n\n<li class=\"has-black-color has-text-color has-link-color wp-elements-f8516a98de97d598857270ec875eb48e\">Jeudi entre 14h50 et 19h15<\/li>\n\n\n\n<li class=\"has-black-color has-text-color has-link-color wp-elements-8cbf20413eba7a57334d54a8d950e288\">Vendredi entre 15h50 et 17h30<\/li>\n<\/ul>\n\n\n\n<p><\/p>\n\n\n\n<p class=\"has-medium-font-size\"><strong><em>ORGANISATION<\/em><\/strong><\/p>\n\n\n\n<ul class=\"wp-block-list\">\n<li>Fili\u00e8re de formation : 5 ann\u00e9es \u00e0 raison d&rsquo;une p\u00e9riode de 50 minutes hebdomadaire<\/li>\n\n\n\n<li>Fili\u00e8re de qualification : 5 ann\u00e9es&nbsp;\u00e0 raison d&rsquo;une p\u00e9riode de 50 minutes hebdomadaire<\/li>\n<\/ul>\n\n\n\n<p><\/p>\n\n\n\n<p class=\"has-medium-font-size\"><strong><em>CONDITIONS D&rsquo;ACC\u00c8S<\/em><\/strong><\/p>\n\n\n\n<ul class=\"wp-block-list\">\n<li>Enfants \u00e0 partir de 7 ans et adultes \u00e0 partir de 13 ans<\/li>\n\n\n\n<li>S&rsquo;\u00eatre acquitt\u00e9 du minerval et avoir fourni les documents utiles dans les d\u00e9lais prescrits.<\/li>\n\n\n\n<li>Suivre le cours de formation musicale.&nbsp;<\/li>\n\n\n\n<li>S&rsquo;\u00eatre inscrit sur les listes d&rsquo;attente.<\/li>\n\n\n\n<li>Suivre une deuxi\u00e8me p\u00e9riode si l&rsquo;\u00e9l\u00e8ve a termin\u00e9 tout son cursus de formation musicale.\n<ul class=\"wp-block-list\">\n<li>Cette deuxi\u00e8me p\u00e9riode peut \u00eatre suivie \u00e0 l&rsquo;acad\u00e9mie (voir cours compl\u00e9mentaires) ou dans une autre acad\u00e9mie (moyennant une attestation de fr\u00e9quentation de celle-ci)<\/li>\n\n\n\n<li>Si l&rsquo;\u00e9l\u00e8ve est en fili\u00e8re de formation, il peut effectuer sa deuxi\u00e8me p\u00e9riode dans le domaine des arts de la parole<\/li>\n\n\n\n<li>Si l&rsquo;\u00e9l\u00e8ve est en fili\u00e8re de qualification, il doit obligatoirement suivre sa deuxi\u00e8me p\u00e9riode dans le domaine de la musique.<\/li>\n<\/ul>\n<\/li>\n<\/ul>\n\n\n\n<p><\/p>\n","protected":false},"excerpt":{"rendered":"<p>COURS INDIVIDUELS et semi collectifs Professeures : HORAIRE 2025-2026 ORGANISATION CONDITIONS D&rsquo;ACC\u00c8S<\/p>\n","protected":false},"author":1,"featured_media":0,"parent":0,"menu_order":0,"comment_status":"closed","ping_status":"closed","template":"","meta":{"_acf_changed":false,"footnotes":""},"class_list":["post-545","page","type-page","status-publish","hentry"],"acf":[],"_links":{"self":[{"href":"https:\/\/acamusiquewb.be\/index.php\/wp-json\/wp\/v2\/pages\/545","targetHints":{"allow":["GET"]}}],"collection":[{"href":"https:\/\/acamusiquewb.be\/index.php\/wp-json\/wp\/v2\/pages"}],"about":[{"href":"https:\/\/acamusiquewb.be\/index.php\/wp-json\/wp\/v2\/types\/page"}],"author":[{"embeddable":true,"href":"https:\/\/acamusiquewb.be\/index.php\/wp-json\/wp\/v2\/users\/1"}],"replies":[{"embeddable":true,"href":"https:\/\/acamusiquewb.be\/index.php\/wp-json\/wp\/v2\/comments?post=545"}],"version-history":[{"count":19,"href":"https:\/\/acamusiquewb.be\/index.php\/wp-json\/wp\/v2\/pages\/545\/revisions"}],"predecessor-version":[{"id":3362,"href":"https:\/\/acamusiquewb.be\/index.php\/wp-json\/wp\/v2\/pages\/545\/revisions\/3362"}],"wp:attachment":[{"href":"https:\/\/acamusiquewb.be\/index.php\/wp-json\/wp\/v2\/media?parent=545"}],"curies":[{"name":"wp","href":"https:\/\/api.w.org\/{rel}","templated":true}]}}