{"id":573,"date":"2021-03-17T23:19:32","date_gmt":"2021-03-17T22:19:32","guid":{"rendered":"http:\/\/anwabox.cluster030.hosting.ovh.net\/?page_id=573"},"modified":"2025-10-06T18:29:50","modified_gmt":"2025-10-06T16:29:50","slug":"guitare","status":"publish","type":"page","link":"https:\/\/acamusiquewb.be\/index.php\/guitare\/","title":{"rendered":"Guitare"},"content":{"rendered":"\n<p class=\"has-medium-font-size\"><strong><em>COURS INDIVIDUELS et semi-collectifs<\/em><\/strong><\/p>\n\n\n\n<p>Professeurs :<\/p>\n\n\n\n<ul class=\"wp-block-list\">\n<li><span style=\"font-weight: 400;\">M. Boris Gaqu\u00e8re<\/span><\/li>\n\n\n\n<li><span style=\"font-weight: 400;\">M. Julien Sigur\u00e9<\/span><\/li>\n\n\n\n<li>M. Martin Bosmans<\/li>\n<\/ul>\n\n\n\n<p><\/p>\n\n\n\n<p class=\"has-medium-font-size\"><strong><em>HORAIRE 2025-2026<\/em><\/strong><\/p>\n\n\n\n<ul class=\"wp-block-list\">\n<li>Lundi entre 16h et 20h10<\/li>\n\n\n\n<li><span style=\"font-weight: 400;\">Mardi entre 15h30 et 20h30<\/span><\/li>\n\n\n\n<li><span style=\"font-weight: 400;\">Mercredi entre 13h10 et 20h10\u00a0<\/span><\/li>\n\n\n\n<li><span style=\"font-weight: 400;\">Jeudi entre 15h30 et 20h30<\/span><\/li>\n\n\n\n<li><span style=\"font-weight: 400;\">Samedi entre 10h20 et 13h40<\/span><\/li>\n<\/ul>\n\n\n\n<p><\/p>\n\n\n\n<p class=\"has-medium-font-size\"><strong><em>ORGANISATION<\/em><\/strong><\/p>\n\n\n\n<ul class=\"wp-block-list\">\n<li><span style=\"font-weight: 400;\">Enfants \u00e0 partir de 7 ans<\/span>\n<ul class=\"wp-block-list\">\n<li><span style=\"font-weight: 400;\">Fili\u00e8re de formation : 5 ann\u00e9es \u00e0 raison d&rsquo;une p\u00e9riode de 50 minutes hebdomadaire<\/span><\/li>\n\n\n\n<li><span style=\"font-weight: 400;\">Fili\u00e8re de qualification : 5 ann\u00e9es&nbsp;\u00e0 raison d&rsquo;une p\u00e9riode de 50 minutes hebdomadaire<\/span><\/li>\n<\/ul>\n<\/li>\n\n\n\n<li><span style=\"font-weight: 400;\">Adultes \u00e0 partir de 13 ans<\/span>\n<ul class=\"wp-block-list\">\n<li><span style=\"font-weight: 400;\">Fili\u00e8re de formation : 4 ann\u00e9es&nbsp;\u00e0 raison d&rsquo;une p\u00e9riode de 50 minutes hebdomadaire<\/span><\/li>\n\n\n\n<li><span style=\"font-weight: 400;\">Fili\u00e8re de qualification : 4 ann\u00e9es&nbsp;\u00e0 raison d&rsquo;une p\u00e9riode de 50 minutes hebdomadaire<\/span><\/li>\n<\/ul>\n<\/li>\n<\/ul>\n\n\n\n<p><\/p>\n\n\n\n<p class=\"has-medium-font-size\"><strong><em>CONDITIONS D&rsquo;ACC\u00c8S<\/em><\/strong><\/p>\n\n\n\n<ul class=\"wp-block-list\">\n<li><span style=\"font-weight: 400;\">Enfants \u00e0 partir de 7 ans et adultes \u00e0 partir de 13 ans<\/span><\/li>\n\n\n\n<li><span style=\"font-weight: 400;\">S&rsquo;\u00eatre acquitt\u00e9 du minerval et avoir fourni les documents utiles dans les d\u00e9lais prescrits.<\/span><\/li>\n\n\n\n<li><span style=\"font-weight: 400;\">Suivre le cours de formation musicale.&nbsp;<\/span><\/li>\n\n\n\n<li><span style=\"font-weight: 400;\">S&rsquo;\u00eatre inscrit sur les listes d&rsquo;attente.<\/span><\/li>\n\n\n\n<li><span style=\"font-weight: 400;\">Suivre une deuxi\u00e8me p\u00e9riode si l&rsquo;\u00e9l\u00e8ve a termin\u00e9 tout son cursus de formation musicale.&nbsp;<\/span>\n<ul class=\"wp-block-list\">\n<li><span style=\"font-weight: 400;\">Cette deuxi\u00e8me p\u00e9riode peut \u00eatre suivie \u00e0 l&rsquo;acad\u00e9mie (voir cours compl\u00e9mentaires) ou dans une autre acad\u00e9mie (moyennant une attestation de fr\u00e9quentation de celle-ci)<\/span><\/li>\n\n\n\n<li><span style=\"font-weight: 400;\">Si l&rsquo;\u00e9l\u00e8ve est en fili\u00e8re de formation, il peut effectuer sa deuxi\u00e8me p\u00e9riode dans le domaine des arts de la parole<\/span><\/li>\n\n\n\n<li><span style=\"font-weight: 400;\">Si l&rsquo;\u00e9l\u00e8ve est en fili\u00e8re de qualification, il doit obligatoirement suivre sa deuxi\u00e8me p\u00e9riode dans le domaine de la musique.<\/span><\/li>\n<\/ul>\n<\/li>\n<\/ul>\n","protected":false},"excerpt":{"rendered":"<p>COURS INDIVIDUELS et semi-collectifs Professeurs : HORAIRE 2025-2026 ORGANISATION CONDITIONS D&rsquo;ACC\u00c8S<\/p>\n","protected":false},"author":1,"featured_media":0,"parent":0,"menu_order":0,"comment_status":"closed","ping_status":"closed","template":"","meta":{"_acf_changed":false,"footnotes":""},"class_list":["post-573","page","type-page","status-publish","hentry"],"acf":[],"_links":{"self":[{"href":"https:\/\/acamusiquewb.be\/index.php\/wp-json\/wp\/v2\/pages\/573","targetHints":{"allow":["GET"]}}],"collection":[{"href":"https:\/\/acamusiquewb.be\/index.php\/wp-json\/wp\/v2\/pages"}],"about":[{"href":"https:\/\/acamusiquewb.be\/index.php\/wp-json\/wp\/v2\/types\/page"}],"author":[{"embeddable":true,"href":"https:\/\/acamusiquewb.be\/index.php\/wp-json\/wp\/v2\/users\/1"}],"replies":[{"embeddable":true,"href":"https:\/\/acamusiquewb.be\/index.php\/wp-json\/wp\/v2\/comments?post=573"}],"version-history":[{"count":17,"href":"https:\/\/acamusiquewb.be\/index.php\/wp-json\/wp\/v2\/pages\/573\/revisions"}],"predecessor-version":[{"id":3386,"href":"https:\/\/acamusiquewb.be\/index.php\/wp-json\/wp\/v2\/pages\/573\/revisions\/3386"}],"wp:attachment":[{"href":"https:\/\/acamusiquewb.be\/index.php\/wp-json\/wp\/v2\/media?parent=573"}],"curies":[{"name":"wp","href":"https:\/\/api.w.org\/{rel}","templated":true}]}}