{"id":609,"date":"2021-03-17T23:42:37","date_gmt":"2021-03-17T22:42:37","guid":{"rendered":"http:\/\/anwabox.cluster030.hosting.ovh.net\/?page_id=609"},"modified":"2025-09-16T16:51:13","modified_gmt":"2025-09-16T14:51:13","slug":"danse","status":"publish","type":"page","link":"https:\/\/acamusiquewb.be\/index.php\/danse\/","title":{"rendered":"Danse classique"},"content":{"rendered":"\n<p class=\"has-medium-font-size\"><strong><em>COURS COLLECTIFS<\/em><\/strong><\/p>\n\n\n\n<p>Professeure :<\/p>\n\n\n\n<ul class=\"wp-block-list\">\n<li><span style=\"font-weight: 400;\">Mme Frankie D&rsquo;Andrea<\/span><\/li>\n<\/ul>\n\n\n\n<p><\/p>\n\n\n\n<p class=\"has-medium-font-size\"><em><strong>HORAIRES 2025-2026<\/strong><\/em><\/p>\n\n\n\n<ul class=\"wp-block-list\">\n<li><strong>1\u00e8re ann\u00e9e (Formation 1)<\/strong><\/li>\n<\/ul>\n\n\n\n<p>Jeudi 16h00-16h50<\/p>\n\n\n\n<ul class=\"wp-block-list\">\n<li><strong>2\u00e8me ann\u00e9e et 3\u00e8me ann\u00e9e (Formation 2 et Formation 3)<\/strong><\/li>\n<\/ul>\n\n\n\n<p>Jeudi 16h50-17h40<\/p>\n\n\n\n<ul class=\"wp-block-list\">\n<li><strong>4\u00e8me ann\u00e9e (Formation 4)<\/strong><\/li>\n<\/ul>\n\n\n\n<p>Jeudi 17h40-18h30<\/p>\n\n\n\n<ul class=\"wp-block-list\">\n<li><strong>de la 5\u00e8me ann\u00e9e \u00e0 la 10\u00e8me ann\u00e9e (de Qualification 1 \u00e0 Qualification 6)<\/strong><\/li>\n<\/ul>\n\n\n\n<p>Jeudi 18h30-20h10<\/p>\n\n\n\n<p><\/p>\n\n\n\n<p class=\"has-medium-font-size\"><em><strong>ORGANISATION<\/strong><\/em><\/p>\n\n\n\n<ul class=\"wp-block-list\">\n<li><span style=\"font-weight: 400;\">Uniquement pour les enfants et adolescents<\/span><\/li>\n\n\n\n<li><span style=\"font-weight: 400;\">Dur\u00e9e de la fili\u00e8re de formation\u00a0: 4 ans\u00a0\u00a0<\/span><\/li>\n\n\n\n<li><span style=\"font-weight: 400;\">Dur\u00e9e de la fili\u00e8re de qualification\u00a0: 6 ans <\/span><\/li>\n<\/ul>\n\n\n\n<p><\/p>\n\n\n\n<p class=\"has-medium-font-size\"><em><strong>CONDITIONS D&rsquo;ACC\u00c8S<\/strong><\/em><\/p>\n\n\n\n<ul class=\"wp-block-list\">\n<li><span style=\"font-weight: 400;\">A partir de 7 ans<\/span><\/li>\n<\/ul>\n","protected":false},"excerpt":{"rendered":"<p>COURS COLLECTIFS Professeure : HORAIRES 2025-2026 Jeudi 16h00-16h50 Jeudi 16h50-17h40 Jeudi 17h40-18h30 Jeudi 18h30-20h10 ORGANISATION CONDITIONS D&rsquo;ACC\u00c8S<\/p>\n","protected":false},"author":1,"featured_media":0,"parent":0,"menu_order":0,"comment_status":"closed","ping_status":"closed","template":"","meta":{"_acf_changed":false,"footnotes":""},"class_list":["post-609","page","type-page","status-publish","hentry"],"acf":[],"_links":{"self":[{"href":"https:\/\/acamusiquewb.be\/index.php\/wp-json\/wp\/v2\/pages\/609","targetHints":{"allow":["GET"]}}],"collection":[{"href":"https:\/\/acamusiquewb.be\/index.php\/wp-json\/wp\/v2\/pages"}],"about":[{"href":"https:\/\/acamusiquewb.be\/index.php\/wp-json\/wp\/v2\/types\/page"}],"author":[{"embeddable":true,"href":"https:\/\/acamusiquewb.be\/index.php\/wp-json\/wp\/v2\/users\/1"}],"replies":[{"embeddable":true,"href":"https:\/\/acamusiquewb.be\/index.php\/wp-json\/wp\/v2\/comments?post=609"}],"version-history":[{"count":25,"href":"https:\/\/acamusiquewb.be\/index.php\/wp-json\/wp\/v2\/pages\/609\/revisions"}],"predecessor-version":[{"id":3331,"href":"https:\/\/acamusiquewb.be\/index.php\/wp-json\/wp\/v2\/pages\/609\/revisions\/3331"}],"wp:attachment":[{"href":"https:\/\/acamusiquewb.be\/index.php\/wp-json\/wp\/v2\/media?parent=609"}],"curies":[{"name":"wp","href":"https:\/\/api.w.org\/{rel}","templated":true}]}}