{"id":778,"date":"2021-05-04T22:09:31","date_gmt":"2021-05-04T20:09:31","guid":{"rendered":"http:\/\/anwabox.cluster030.hosting.ovh.net\/?page_id=778"},"modified":"2025-12-03T10:47:50","modified_gmt":"2025-12-03T09:47:50","slug":"r-o-i","status":"publish","type":"page","link":"https:\/\/acamusiquewb.be\/index.php\/r-o-i\/","title":{"rendered":"R. O. I."},"content":{"rendered":"\n<p class=\"has-large-font-size\"><strong>REGLEMENT D\u2019ORDRE INTERIEUR (R.O.I.)<\/strong><\/p>\n\n\n\n<p><\/p>\n\n\n\n<p class=\"has-medium-font-size\"><strong><em>ABSENCE DES ELEVES-REGULARITE<\/em><\/strong><\/p>\n\n\n\n<p>Les \u00e9l\u00e8ves ou leurs parents sont tenus de pr\u00e9venir de leur absence le plus rapidement possible&nbsp;<strong>par \u00e9crit:&nbsp;<\/strong>e-mail ou document d\u2019absence ad\u00e9quat fourni par le secr\u00e9tariat,&nbsp;&nbsp;<strong><u>avant<\/u><\/strong>&nbsp;le cours.<br> Un justificatif \u00e9crit sera fourni au(x) professeur(s) le jour m\u00eame.<\/p>\n\n\n\n<ol class=\"wp-block-list\">\n<li> L\u2019absence pour raisons de sant\u00e9, sup\u00e9rieure \u00e0 3 jours cons\u00e9cutifs, sera justifi\u00e9e par un certificat m\u00e9dical.<\/li>\n<\/ol>\n\n\n\n<p>     2. Pour une absence li\u00e9e \u00e0 une semaine de classe verte\/mer  ou organis\u00e9e par l&rsquo;\u00e9cole, une justification officielle de l&rsquo;\u00e9cole est demand\u00e9e au retour de l&rsquo;\u00e9l\u00e8ve \u00e0 l&rsquo;acad\u00e9mie.<\/p>\n\n\n\n<p>     3. Dans le cas de force majeure li\u00e9 \u00e0 un probl\u00e8me de communication ou de gr\u00e8ve des transports en commun, une justification sera \u00e9galement demand\u00e9e.<\/p>\n\n\n\n<p>Attention, toute autre justification n&rsquo;\u00e9tant pas autoris\u00e9e par le service de v\u00e9rification de la F\u00e9d\u00e9ration Wallonie Bruxelles, <strong>toute autre absence sera consid\u00e9r\u00e9e comme injustifi\u00e9e<\/strong>.<\/p>\n\n\n\n<p><strong>Pour chaque cours, l\u2019\u00e9l\u00e8ve totalisant plus de 20% d\u2019absences non justifi\u00e9es entre le 1<sup>er<\/sup>&nbsp;octobre et le 31 janvier ou 3 absences cons\u00e9cutives ou non justifi\u00e9es sera exclu des cours.<\/strong><br><strong>Le m\u00eame calcul sera comptabilis\u00e9 entre le 1er f\u00e9vrier et le 4 juillet.<\/strong><\/p>\n\n\n\n<p><\/p>\n\n\n\n<p class=\"has-medium-font-size\"><strong><em>ABSENCE DES PROFESSEURS<\/em><\/strong><\/p>\n\n\n\n<ul class=\"wp-block-list\">\n<li>Les absences des professeurs sont inscrites sur la page d&rsquo;accueil du site sur l&rsquo;onglet <a href=\"https:\/\/acamusiquewb.be\/index.php\/absences-professeur-e-s\/\" data-type=\"page\" data-id=\"2492\">Absences professeur.e.s<\/a><\/li>\n\n\n\n<li>Dans la mesure du possible (secr\u00e9tariat pr\u00e9venu au moins la veille), le secr\u00e9tariat signale l\u2019absence du professeur par mail ou t\u00e9l\u00e9phone. Un avis est affich\u00e9 sur la porte d\u2019entr\u00e9e de l\u2019Acad\u00e9mie et de la classe o\u00f9 se d\u00e9roule le cours.<br>Les \u00e9l\u00e8ves peuvent venir au secr\u00e9tariat t\u00e9l\u00e9phoner gratuitement pour que leur parent vienne les chercher ou attendre en cas d\u2019emp\u00eachement des parents.<\/li>\n\n\n\n<li>Nous demandons aux parents de s\u2019assurer de la pr\u00e9sence du professeur lorsqu\u2019ils d\u00e9posent leur enfant \u00e0 l\u2019Acad\u00e9mie, en lisant les avis affich\u00e9s sur la porte d\u2019entr\u00e9e principale.<br>La responsabilit\u00e9 de l\u2019Acad\u00e9mie n\u2019est engag\u00e9e qu\u2019\u00e0 partir du moment o\u00f9 l\u2019\u00e9l\u00e8ve se trouve \u00e0 l\u2019int\u00e9rieur du b\u00e2timent de l\u2019Acad\u00e9mie, \u00e0 l\u2019heure de son cours.<\/li>\n<\/ul>\n\n\n\n<p><\/p>\n\n\n\n<p class=\"has-medium-font-size\"><strong><em>COMPORTEMENT<\/em><\/strong><\/p>\n\n\n\n<ul class=\"wp-block-list\">\n<li>Il est interdit de fumer, de rouler en trottinette ou rollers dans les couloirs.<\/li>\n\n\n\n<li>Les \u00e9l\u00e8ves se rendent et quittent leur classe sans courir, ni crier dans les couloirs.<\/li>\n\n\n\n<li>L\u2019usage d\u2019un t\u00e9l\u00e9phone portable, d&rsquo;un smartphone, d&rsquo;une tablette est interdit pendant les cours et dans toute l&rsquo;enceinte de l&rsquo;\u00e9tablissement.(D\u00e9cret du 13 mars 2025)<br><em>Pour les parents et accompagnants un espace d&rsquo;attente est pr\u00e9vu \u00e0 l&rsquo;entr\u00e9e du b\u00e2timent<\/em> !<\/li>\n\n\n\n<li>La direction se r\u00e9serve le droit de suspendre pendant une p\u00e9riode d\u00e9termin\u00e9e les cours d\u2019un \u00e9tudiant jug\u00e9 responsable d\u2019un comportement qui perturberait le bon d\u00e9roulement d\u2019un cours.<\/li>\n\n\n\n<li>La photocopieuse est \u00e0 la disposition uniquement des professeurs. Chacun d\u2019entre eux a droit \u00e0 un forfait de copies gratuites en fonction du nombre de ses \u00e9l\u00e8ves. Ce sont donc eux qui se chargent de fournir les photocopies aux \u00e9l\u00e8ves.<\/li>\n\n\n\n<li>L\u2019acc\u00e8s au vestiaire du gymnase (local de danse et rythmique) est strictement interdit \u00e0 toute personne ne fr\u00e9quentant pas le cours.<\/li>\n\n\n\n<li>Les \u00e9l\u00e8ves sont personnellement responsables de leurs effets personnels. L\u2019Acad\u00e9mie d\u00e9cline toute responsabilit\u00e9 en cas de vol, perte ou d\u00e9gradation d\u2019objets personnels.<\/li>\n\n\n\n<li>Par mesure de s\u00e9curit\u00e9 et d\u2019hygi\u00e8ne, il est interdit d\u2019introduire des animaux dans l\u2019enceinte de l\u2019Acad\u00e9mie.<\/li>\n\n\n\n<li>Pour des raisons de s\u00e9curit\u00e9, l\u2019acc\u00e8s \u00e0 la cour de r\u00e9cr\u00e9ation est interdit aux enfants non inscrits \u00e0 l\u2019Acad\u00e9mie ainsi qu\u2019\u00e0 leurs parents et accompagnants.<br>Pour les \u00e9tudiants inscrits \u00e0 l\u2019Acad\u00e9mie , la cour de r\u00e9cr\u00e9ation est uniquement un lieu de passage pour aller et sortir de la salle de gymnastique.<\/li>\n<\/ul>\n\n\n\n<p><\/p>\n\n\n\n<p class=\"has-medium-font-size\"><strong><em>ASSURANCE<\/em><\/strong><\/p>\n\n\n\n<ul class=\"wp-block-list\">\n<li>Les \u00e9l\u00e8ves sont couverts par une assurance souscrite par l\u2019administration communale de Watermael-Boitsfort pendant leur pr\u00e9sence \u00e0 l\u2019Acad\u00e9mie et lors des manifestations organis\u00e9es par celle-ci.<\/li>\n\n\n\n<li>Les instruments de musique pr\u00eat\u00e9s aux \u00e9tudiants ne sont pas assur\u00e9s par l\u2019Acad\u00e9mie, m\u00eame au sein du b\u00e2timent. Il incombe \u00e0 chaque \u00e9l\u00e8ve ou parent d\u2019\u00e9l\u00e8ve de souscrire une assurance compl\u00e9mentaire pour couvrir l\u2019instrument de musique.<\/li>\n<\/ul>\n\n\n\n<p><\/p>\n\n\n\n<p class=\"has-medium-font-size\"><strong><em>DROIT A L\u2019IMAGE<\/em><\/strong><\/p>\n\n\n\n<ul class=\"wp-block-list\">\n<li>Sans opposition pr\u00e9alable de la part de l\u2019\u00e9l\u00e8ve ou d\u2019un de ces parents, les \u00e9l\u00e8ves peuvent \u00eatre pris en photo lors de concerts, spectacles, repr\u00e9sentations. L\u2019Acad\u00e9mie peut diffuser, publier ces photos \u00e0 des fins de pr\u00e9sentation ou de promotion.<\/li>\n\n\n\n<li>Les photos, films et enregistrement r\u00e9alis\u00e9s par les \u00e9l\u00e8ves ne peuvent \u00eatre utilis\u00e9s qu\u2019\u00e0 usage priv\u00e9.<\/li>\n<\/ul>\n\n\n\n<p><\/p>\n\n\n\n<p><a href=\"http:\/\/acamusiquewb.be\/wp-content\/uploads\/2025\/12\/ROI-2025.pdf\" target=\"_blank\" rel=\"noreferrer noopener\"><strong>CONSULTER LE R.O.I <\/strong><\/a><\/p>\n\n\n\n<p><\/p>\n","protected":false},"excerpt":{"rendered":"<p>REGLEMENT D\u2019ORDRE INTERIEUR (R.O.I.) ABSENCE DES ELEVES-REGULARITE Les \u00e9l\u00e8ves ou leurs parents sont tenus de pr\u00e9venir de leur absence le plus rapidement possible&nbsp;par \u00e9crit:&nbsp;e-mail ou document d\u2019absence ad\u00e9quat fourni par le secr\u00e9tariat,&nbsp;&nbsp;avant&nbsp;le cours. Un justificatif \u00e9crit sera fourni au(x) professeur(s) le jour m\u00eame. 2. Pour une absence li\u00e9e \u00e0 une semaine de classe verte\/mer ou organis\u00e9e par l&rsquo;\u00e9cole, une justification&#8230;<\/p>\n","protected":false},"author":1,"featured_media":0,"parent":0,"menu_order":0,"comment_status":"closed","ping_status":"closed","template":"","meta":{"_acf_changed":false,"footnotes":""},"class_list":["post-778","page","type-page","status-publish","hentry"],"acf":[],"_links":{"self":[{"href":"https:\/\/acamusiquewb.be\/index.php\/wp-json\/wp\/v2\/pages\/778","targetHints":{"allow":["GET"]}}],"collection":[{"href":"https:\/\/acamusiquewb.be\/index.php\/wp-json\/wp\/v2\/pages"}],"about":[{"href":"https:\/\/acamusiquewb.be\/index.php\/wp-json\/wp\/v2\/types\/page"}],"author":[{"embeddable":true,"href":"https:\/\/acamusiquewb.be\/index.php\/wp-json\/wp\/v2\/users\/1"}],"replies":[{"embeddable":true,"href":"https:\/\/acamusiquewb.be\/index.php\/wp-json\/wp\/v2\/comments?post=778"}],"version-history":[{"count":20,"href":"https:\/\/acamusiquewb.be\/index.php\/wp-json\/wp\/v2\/pages\/778\/revisions"}],"predecessor-version":[{"id":3415,"href":"https:\/\/acamusiquewb.be\/index.php\/wp-json\/wp\/v2\/pages\/778\/revisions\/3415"}],"wp:attachment":[{"href":"https:\/\/acamusiquewb.be\/index.php\/wp-json\/wp\/v2\/media?parent=778"}],"curies":[{"name":"wp","href":"https:\/\/api.w.org\/{rel}","templated":true}]}}