{"id":782,"date":"2021-05-04T22:12:01","date_gmt":"2021-05-04T20:12:01","guid":{"rendered":"http:\/\/anwabox.cluster030.hosting.ovh.net\/?page_id=782"},"modified":"2021-05-04T22:17:36","modified_gmt":"2021-05-04T20:17:36","slug":"location-des-instruments","status":"publish","type":"page","link":"https:\/\/acamusiquewb.be\/index.php\/location-des-instruments\/","title":{"rendered":"Location des instruments"},"content":{"rendered":"\n<p>L\u2019Acad\u00e9mie offre aux \u00e9l\u00e8ves la possibilit\u00e9 de louer un instrument pendant les deux premi\u00e8res ann\u00e9es de leur Formation Instrumentale.<\/p>\n\n\n\n<p>Seuls le piano, l\u2019orgue, le clavecin et les percussions ne sont pas en location.<\/p>\n\n\n\n<p>Prix par instrument pour 1 ann\u00e9e compl\u00e8te :<\/p>\n\n\n\n<ul class=\"wp-block-list\"><li>50 euros pour la guitare<\/li><li>60 euros pour tous les autres instruments<\/li><\/ul>\n<p><\/p>\n<p>Attention: les instruments n\u2019\u00e9tant pas assur\u00e9s en dehors des locaux de l\u2019acad\u00e9mie, nous vous invitons \u00e0 contacter votre organisme d\u2019assurance pour assurer la couverture de l\u2019instrument lou\u00e9, la r\u00e9paration et\/ou le co\u00fbt de remplacement d\u2019un instrument endommag\u00e9 pouvant \u00eatre on\u00e9reux.<\/p>\n","protected":false},"excerpt":{"rendered":"<p>L\u2019Acad\u00e9mie offre aux \u00e9l\u00e8ves la possibilit\u00e9 de louer un instrument pendant les deux premi\u00e8res ann\u00e9es de leur Formation Instrumentale. Seuls le piano, l\u2019orgue, le clavecin et les percussions ne sont pas en location. Prix par instrument pour 1 ann\u00e9e compl\u00e8te : 50 euros pour la guitare 60 euros pour tous les autres instruments Attention: les instruments n\u2019\u00e9tant pas assur\u00e9s en&#8230;<\/p>\n","protected":false},"author":1,"featured_media":0,"parent":0,"menu_order":0,"comment_status":"closed","ping_status":"closed","template":"","meta":{"_acf_changed":false,"footnotes":""},"class_list":["post-782","page","type-page","status-publish","hentry"],"acf":[],"_links":{"self":[{"href":"https:\/\/acamusiquewb.be\/index.php\/wp-json\/wp\/v2\/pages\/782","targetHints":{"allow":["GET"]}}],"collection":[{"href":"https:\/\/acamusiquewb.be\/index.php\/wp-json\/wp\/v2\/pages"}],"about":[{"href":"https:\/\/acamusiquewb.be\/index.php\/wp-json\/wp\/v2\/types\/page"}],"author":[{"embeddable":true,"href":"https:\/\/acamusiquewb.be\/index.php\/wp-json\/wp\/v2\/users\/1"}],"replies":[{"embeddable":true,"href":"https:\/\/acamusiquewb.be\/index.php\/wp-json\/wp\/v2\/comments?post=782"}],"version-history":[{"count":3,"href":"https:\/\/acamusiquewb.be\/index.php\/wp-json\/wp\/v2\/pages\/782\/revisions"}],"predecessor-version":[{"id":790,"href":"https:\/\/acamusiquewb.be\/index.php\/wp-json\/wp\/v2\/pages\/782\/revisions\/790"}],"wp:attachment":[{"href":"https:\/\/acamusiquewb.be\/index.php\/wp-json\/wp\/v2\/media?parent=782"}],"curies":[{"name":"wp","href":"https:\/\/api.w.org\/{rel}","templated":true}]}}