{"id":808,"date":"2021-05-10T22:39:12","date_gmt":"2021-05-10T20:39:12","guid":{"rendered":"http:\/\/anwabox.cluster030.hosting.ovh.net\/?page_id=808"},"modified":"2025-09-08T15:43:01","modified_gmt":"2025-09-08T13:43:01","slug":"referentiel-de-la-formation-musicale","status":"publish","type":"page","link":"https:\/\/acamusiquewb.be\/index.php\/referentiel-de-la-formation-musicale\/","title":{"rendered":"R\u00e9f\u00e9rentiel de la formation musicale"},"content":{"rendered":"\n<p class=\"has-medium-font-size\"><strong><em>\u00c9coutez, t\u00e9l\u00e9chargez&#8230;<\/em><\/strong><\/p>\n\n\n\n<p class=\"has-medium-font-size\"><em>Versions chant\u00e9es<\/em><\/p>\n\n\n\n<figure class=\"wp-block-audio\"><audio controls src=\"http:\/\/anwabox.cluster030.hosting.ovh.net\/wp-content\/uploads\/2021\/05\/01-Epo_i_Tai_Tai_e_version_chant.mp3\"><\/audio><figcaption class=\"wp-element-caption\">1. Epo i Ta\u00ef Ta\u00ef \u00e9<\/figcaption><\/figure>\n\n\n\n<figure class=\"wp-block-audio\"><audio controls src=\"http:\/\/anwabox.cluster030.hosting.ovh.net\/wp-content\/uploads\/2021\/05\/02-Dans_la_nuit_version_chant.mp3\"><\/audio><figcaption class=\"wp-element-caption\">2. Dans la nuit<\/figcaption><\/figure>\n\n\n\n<figure class=\"wp-block-audio\"><audio controls src=\"http:\/\/anwabox.cluster030.hosting.ovh.net\/wp-content\/uploads\/2021\/05\/03-la_meuniere_est_bien_malade_version_chant.mp3\"><\/audio><figcaption class=\"wp-element-caption\">3. La meuni\u00e8re est bien malade<\/figcaption><\/figure>\n\n\n\n<figure class=\"wp-block-audio\"><audio controls src=\"http:\/\/anwabox.cluster030.hosting.ovh.net\/wp-content\/uploads\/2021\/05\/04-Chant-_du-_jour_et_chant_du_soir_version_chant.mp3\"><\/audio><figcaption class=\"wp-element-caption\">4. Chant du jour et chant du soir<\/figcaption><\/figure>\n\n\n\n<figure class=\"wp-block-audio\"><audio controls src=\"http:\/\/anwabox.cluster030.hosting.ovh.net\/wp-content\/uploads\/2021\/05\/05-Un_moineau_version_chant.mp3\"><\/audio><figcaption class=\"wp-element-caption\">5. Un moineau<\/figcaption><\/figure>\n\n\n\n<figure class=\"wp-block-audio\"><audio controls src=\"http:\/\/anwabox.cluster030.hosting.ovh.net\/wp-content\/uploads\/2021\/05\/06-Track-06.mp3\"><\/audio><figcaption class=\"wp-element-caption\">6. Ma m\u00e8re m&rsquo;envoie au march\u00e9<\/figcaption><\/figure>\n\n\n\n<figure class=\"wp-block-audio\"><audio controls src=\"http:\/\/anwabox.cluster030.hosting.ovh.net\/wp-content\/uploads\/2021\/05\/07-Track-07.mp3\"><\/audio><figcaption class=\"wp-element-caption\">7. Plaine, ma plaine<\/figcaption><\/figure>\n\n\n\n<figure class=\"wp-block-audio\"><audio controls src=\"http:\/\/anwabox.cluster030.hosting.ovh.net\/wp-content\/uploads\/2021\/05\/08-Track-08.mp3\"><\/audio><figcaption class=\"wp-element-caption\">8. La lanverne<\/figcaption><\/figure>\n\n\n\n<figure class=\"wp-block-audio\"><audio controls src=\"http:\/\/anwabox.cluster030.hosting.ovh.net\/wp-content\/uploads\/2021\/05\/09-Track-09.mp3\"><\/audio><figcaption class=\"wp-element-caption\">9. Au jardin de grand-p\u00e8re<\/figcaption><\/figure>\n\n\n\n<figure class=\"wp-block-audio\"><audio controls src=\"http:\/\/anwabox.cluster030.hosting.ovh.net\/wp-content\/uploads\/2021\/05\/10-Track-10.mp3\"><\/audio><figcaption class=\"wp-element-caption\">10. L&rsquo;orchestre<\/figcaption><\/figure>\n\n\n\n<figure class=\"wp-block-audio\"><audio controls src=\"http:\/\/anwabox.cluster030.hosting.ovh.net\/wp-content\/uploads\/2021\/05\/11-Track-11.mp3\"><\/audio><figcaption class=\"wp-element-caption\">11. Marion tourbillon<\/figcaption><\/figure>\n\n\n\n<figure class=\"wp-block-audio\"><audio controls src=\"http:\/\/anwabox.cluster030.hosting.ovh.net\/wp-content\/uploads\/2021\/05\/12-Track-12.mp3\"><\/audio><figcaption class=\"wp-element-caption\">12. Maman veut<\/figcaption><\/figure>\n\n\n\n<figure class=\"wp-block-audio\"><audio controls src=\"http:\/\/anwabox.cluster030.hosting.ovh.net\/wp-content\/uploads\/2021\/05\/13-Track-13.mp3\"><\/audio><figcaption class=\"wp-element-caption\">13. Santiano<\/figcaption><\/figure>\n\n\n\n<figure class=\"wp-block-audio\"><audio controls src=\"http:\/\/anwabox.cluster030.hosting.ovh.net\/wp-content\/uploads\/2021\/05\/14-Track-14.mp3\"><\/audio><figcaption class=\"wp-element-caption\">14. Le petit \u00e2ne gris<\/figcaption><\/figure>\n\n\n\n<figure class=\"wp-block-audio\"><audio controls src=\"http:\/\/anwabox.cluster030.hosting.ovh.net\/wp-content\/uploads\/2021\/05\/15-Track-15.mp3\"><\/audio><figcaption class=\"wp-element-caption\">15. Love story<\/figcaption><\/figure>\n\n\n\n<figure class=\"wp-block-audio\"><audio controls src=\"http:\/\/anwabox.cluster030.hosting.ovh.net\/wp-content\/uploads\/2021\/05\/16-Track-16.mp3\"><\/audio><figcaption class=\"wp-element-caption\">16. Malbrough<\/figcaption><\/figure>\n\n\n\n<figure class=\"wp-block-audio\"><audio controls src=\"http:\/\/anwabox.cluster030.hosting.ovh.net\/wp-content\/uploads\/2021\/05\/17-Track-17.mp3\"><\/audio><figcaption class=\"wp-element-caption\">17. Nobody knows<\/figcaption><\/figure>\n\n\n\n<figure class=\"wp-block-audio\"><audio controls src=\"http:\/\/anwabox.cluster030.hosting.ovh.net\/wp-content\/uploads\/2021\/05\/18-Track-18.mp3\"><\/audio><figcaption class=\"wp-element-caption\">18. Maman les p&rsquo;tits bateaux<\/figcaption><\/figure>\n\n\n\n<figure class=\"wp-block-audio\"><audio controls src=\"http:\/\/anwabox.cluster030.hosting.ovh.net\/wp-content\/uploads\/2021\/05\/19-Track-19.mp3\"><\/audio><figcaption class=\"wp-element-caption\">19. Un Am\u00e9ricain \u00e0 paris<\/figcaption><\/figure>\n\n\n\n<figure class=\"wp-block-audio\"><audio controls src=\"http:\/\/anwabox.cluster030.hosting.ovh.net\/wp-content\/uploads\/2021\/05\/20-Track-20.mp3\"><\/audio><figcaption class=\"wp-element-caption\">20. L&rsquo;hiver<\/figcaption><\/figure>\n\n\n\n<figure class=\"wp-block-audio\"><audio controls src=\"http:\/\/anwabox.cluster030.hosting.ovh.net\/wp-content\/uploads\/2021\/05\/21-Track-21.mp3\"><\/audio><figcaption class=\"wp-element-caption\">21. Octave le glouton<\/figcaption><\/figure>\n\n\n\n<p class=\"has-medium-font-size\"><em>Versions piano seul<\/em><\/p>\n\n\n\n<figure class=\"wp-block-audio\"><audio controls src=\"http:\/\/anwabox.cluster030.hosting.ovh.net\/wp-content\/uploads\/2021\/05\/22-Track-22.mp3\"><\/audio><figcaption class=\"wp-element-caption\">22. Epo i Ta\u00ef Ta\u00ef \u00e9, version.<\/figcaption><\/figure>\n\n\n\n<figure class=\"wp-block-audio\"><audio controls src=\"http:\/\/anwabox.cluster030.hosting.ovh.net\/wp-content\/uploads\/2021\/05\/23-Track-23.mp3\"><\/audio><figcaption class=\"wp-element-caption\">23. Dans la nuit<\/figcaption><\/figure>\n\n\n\n<figure class=\"wp-block-audio\"><audio controls src=\"http:\/\/anwabox.cluster030.hosting.ovh.net\/wp-content\/uploads\/2021\/05\/24-Track-24.mp3\"><\/audio><figcaption class=\"wp-element-caption\">24. La meuni\u00e8re est malade<\/figcaption><\/figure>\n\n\n\n<figure class=\"wp-block-audio\"><audio controls src=\"http:\/\/anwabox.cluster030.hosting.ovh.net\/wp-content\/uploads\/2021\/05\/25-Track-25.mp3\"><\/audio><figcaption class=\"wp-element-caption\">25. Chant du jour et chant du soir<\/figcaption><\/figure>\n\n\n\n<figure class=\"wp-block-audio\"><audio controls src=\"http:\/\/anwabox.cluster030.hosting.ovh.net\/wp-content\/uploads\/2021\/05\/26-Track-26.mp3\"><\/audio><figcaption class=\"wp-element-caption\">26. Un moineau<\/figcaption><\/figure>\n\n\n\n<figure class=\"wp-block-audio\"><audio controls src=\"http:\/\/anwabox.cluster030.hosting.ovh.net\/wp-content\/uploads\/2021\/05\/27-Track-27.mp3\"><\/audio><figcaption class=\"wp-element-caption\">27. Ma m\u00e8re m&rsquo;envoie au march\u00e9<\/figcaption><\/figure>\n\n\n\n<figure class=\"wp-block-audio\"><audio controls src=\"http:\/\/anwabox.cluster030.hosting.ovh.net\/wp-content\/uploads\/2021\/05\/28-Track-28.mp3\"><\/audio><figcaption class=\"wp-element-caption\">28. Plaine, ma plaine<\/figcaption><\/figure>\n\n\n\n<figure class=\"wp-block-audio\"><audio controls src=\"http:\/\/anwabox.cluster030.hosting.ovh.net\/wp-content\/uploads\/2021\/05\/29-Track-29.mp3\"><\/audio><figcaption class=\"wp-element-caption\">29. La lanverne<\/figcaption><\/figure>\n\n\n\n<figure class=\"wp-block-audio\"><audio controls src=\"http:\/\/anwabox.cluster030.hosting.ovh.net\/wp-content\/uploads\/2021\/05\/30-Track-30.mp3\"><\/audio><figcaption class=\"wp-element-caption\">30. Au jardin de grand-p\u00e8re<\/figcaption><\/figure>\n\n\n\n<figure class=\"wp-block-audio\"><audio controls src=\"http:\/\/anwabox.cluster030.hosting.ovh.net\/wp-content\/uploads\/2021\/05\/31-Track-31.mp3\"><\/audio><figcaption class=\"wp-element-caption\">31. L&rsquo;orchestre<\/figcaption><\/figure>\n\n\n\n<figure class=\"wp-block-audio\"><audio controls src=\"http:\/\/anwabox.cluster030.hosting.ovh.net\/wp-content\/uploads\/2021\/05\/32-Track-32.mp3\"><\/audio><figcaption class=\"wp-element-caption\">32. Marion tourbillon<\/figcaption><\/figure>\n\n\n\n<figure class=\"wp-block-audio\"><audio controls src=\"http:\/\/anwabox.cluster030.hosting.ovh.net\/wp-content\/uploads\/2021\/05\/33-Track-33.mp3\"><\/audio><figcaption class=\"wp-element-caption\">33. Maman veut<\/figcaption><\/figure>\n\n\n\n<figure class=\"wp-block-audio\"><audio controls src=\"http:\/\/anwabox.cluster030.hosting.ovh.net\/wp-content\/uploads\/2021\/05\/34-Track-34.mp3\"><\/audio><figcaption class=\"wp-element-caption\">34. Santiano<\/figcaption><\/figure>\n\n\n\n<figure class=\"wp-block-audio\"><audio controls src=\"http:\/\/anwabox.cluster030.hosting.ovh.net\/wp-content\/uploads\/2021\/05\/35-Track-35.mp3\"><\/audio><figcaption class=\"wp-element-caption\">35. Le petit \u00e2ne gris<\/figcaption><\/figure>\n\n\n\n<figure class=\"wp-block-audio\"><audio controls src=\"http:\/\/anwabox.cluster030.hosting.ovh.net\/wp-content\/uploads\/2021\/05\/36-Track-36.mp3\"><\/audio><figcaption class=\"wp-element-caption\">36. Love story<\/figcaption><\/figure>\n\n\n\n<figure class=\"wp-block-audio\"><audio controls src=\"http:\/\/anwabox.cluster030.hosting.ovh.net\/wp-content\/uploads\/2021\/05\/37-Track-37.mp3\"><\/audio><figcaption class=\"wp-element-caption\">37. Malbrough<\/figcaption><\/figure>\n\n\n\n<figure class=\"wp-block-audio\"><audio controls src=\"http:\/\/anwabox.cluster030.hosting.ovh.net\/wp-content\/uploads\/2021\/05\/38-Track-38.mp3\"><\/audio><figcaption class=\"wp-element-caption\">38. Nobody knows<\/figcaption><\/figure>\n\n\n\n<figure class=\"wp-block-audio\"><audio controls src=\"http:\/\/anwabox.cluster030.hosting.ovh.net\/wp-content\/uploads\/2021\/05\/39-Track-39.mp3\"><\/audio><figcaption class=\"wp-element-caption\">39. Maman les p&rsquo;tits bateaux<\/figcaption><\/figure>\n\n\n\n<figure class=\"wp-block-audio\"><audio controls src=\"http:\/\/anwabox.cluster030.hosting.ovh.net\/wp-content\/uploads\/2021\/05\/40-Track-40.mp3\"><\/audio><figcaption class=\"wp-element-caption\">40. Un Am\u00e9ricain \u00e0 Paris<\/figcaption><\/figure>\n\n\n\n<figure class=\"wp-block-audio\"><audio controls src=\"http:\/\/anwabox.cluster030.hosting.ovh.net\/wp-content\/uploads\/2021\/05\/41-Track-41.mp3\"><\/audio><figcaption class=\"wp-element-caption\">41. L&rsquo;hiver<\/figcaption><\/figure>\n\n\n\n<figure class=\"wp-block-audio\"><audio controls src=\"http:\/\/anwabox.cluster030.hosting.ovh.net\/wp-content\/uploads\/2021\/05\/42-Track-42.mp3\"><\/audio><figcaption class=\"wp-element-caption\">42. Octave le glouton<\/figcaption><\/figure>\n\n\n\n<figure class=\"wp-block-audio\"><audio controls src=\"http:\/\/anwabox.cluster030.hosting.ovh.net\/wp-content\/uploads\/2021\/05\/43-Track-43.mp3\"><\/audio><figcaption class=\"wp-element-caption\">43. Maman veut<\/figcaption><\/figure>\n","protected":false},"excerpt":{"rendered":"<p>01-Epo i Ta\u00ef Ta\u00ef \u00e9<\/p>\n","protected":false},"author":1,"featured_media":0,"parent":0,"menu_order":0,"comment_status":"closed","ping_status":"closed","template":"","meta":{"_acf_changed":false,"footnotes":""},"class_list":["post-808","page","type-page","status-publish","hentry"],"acf":[],"_links":{"self":[{"href":"https:\/\/acamusiquewb.be\/index.php\/wp-json\/wp\/v2\/pages\/808","targetHints":{"allow":["GET"]}}],"collection":[{"href":"https:\/\/acamusiquewb.be\/index.php\/wp-json\/wp\/v2\/pages"}],"about":[{"href":"https:\/\/acamusiquewb.be\/index.php\/wp-json\/wp\/v2\/types\/page"}],"author":[{"embeddable":true,"href":"https:\/\/acamusiquewb.be\/index.php\/wp-json\/wp\/v2\/users\/1"}],"replies":[{"embeddable":true,"href":"https:\/\/acamusiquewb.be\/index.php\/wp-json\/wp\/v2\/comments?post=808"}],"version-history":[{"count":17,"href":"https:\/\/acamusiquewb.be\/index.php\/wp-json\/wp\/v2\/pages\/808\/revisions"}],"predecessor-version":[{"id":3212,"href":"https:\/\/acamusiquewb.be\/index.php\/wp-json\/wp\/v2\/pages\/808\/revisions\/3212"}],"wp:attachment":[{"href":"https:\/\/acamusiquewb.be\/index.php\/wp-json\/wp\/v2\/media?parent=808"}],"curies":[{"name":"wp","href":"https:\/\/api.w.org\/{rel}","templated":true}]}}