{"id":943,"date":"2021-05-19T23:00:59","date_gmt":"2021-05-19T21:00:59","guid":{"rendered":"http:\/\/anwabox.cluster030.hosting.ovh.net\/?page_id=943"},"modified":"2025-09-16T16:40:49","modified_gmt":"2025-09-16T14:40:49","slug":"atelier-comedie-musicale","status":"publish","type":"page","link":"https:\/\/acamusiquewb.be\/index.php\/atelier-comedie-musicale\/","title":{"rendered":"Atelier com\u00e9die musicale"},"content":{"rendered":"\n<p class=\"has-medium-font-size\"><strong><em>COURS COLLECTIFS<\/em><\/strong><\/p>\n\n\n\n<p>Professeures :<\/p>\n\n\n\n<ul class=\"wp-block-list\">\n<li>Sylvie MALADRY (th\u00e9\u00e2tre)<\/li>\n\n\n\n<li>Eunice ARIAS (chant)<\/li>\n\n\n\n<li>Pauline BOUQUIEAUX (danse)<\/li>\n<\/ul>\n\n\n\n<p><\/p>\n\n\n\n<p class=\"has-medium-font-size\"><strong><em>HORAIRES 2025-2026<\/em><\/strong><\/p>\n\n\n\n<ul class=\"wp-block-list\">\n<li>Vendredi de 17h40 \u00e0 19h20&nbsp;: fili\u00e8re de formation<\/li>\n\n\n\n<li>Vendredi de 19h20 \u00e0 21h : fili\u00e8re de qualification<\/li>\n<\/ul>\n\n\n\n<p><\/p>\n\n\n\n<p class=\"has-medium-font-size\"><strong><em>CONDITIONS D&rsquo;ACC\u00c8S<\/em><\/strong><\/p>\n\n\n\n<ul class=\"wp-block-list\">\n<li>Accessible \u00e0 tous, sans pr\u00e9requis, \u00e0 partir de 8 ans<\/li>\n\n\n\n<li>Admissible au cours \u00e0 l\u2019issue d\u2019une audition<\/li>\n\n\n\n<li>S&rsquo;\u00eatre acquitt\u00e9 du minerval et avoir fourni les documents utiles dans les d\u00e9lais prescrits<\/li>\n<\/ul>\n\n\n\n<p><\/p>\n","protected":false},"excerpt":{"rendered":"<p>COURS COLLECTIFS Professeures : HORAIRES 2025-2026 CONDITIONS D&rsquo;ACC\u00c8S<\/p>\n","protected":false},"author":1,"featured_media":0,"parent":0,"menu_order":0,"comment_status":"closed","ping_status":"closed","template":"","meta":{"_acf_changed":false,"footnotes":""},"class_list":["post-943","page","type-page","status-publish","hentry"],"acf":[],"_links":{"self":[{"href":"https:\/\/acamusiquewb.be\/index.php\/wp-json\/wp\/v2\/pages\/943","targetHints":{"allow":["GET"]}}],"collection":[{"href":"https:\/\/acamusiquewb.be\/index.php\/wp-json\/wp\/v2\/pages"}],"about":[{"href":"https:\/\/acamusiquewb.be\/index.php\/wp-json\/wp\/v2\/types\/page"}],"author":[{"embeddable":true,"href":"https:\/\/acamusiquewb.be\/index.php\/wp-json\/wp\/v2\/users\/1"}],"replies":[{"embeddable":true,"href":"https:\/\/acamusiquewb.be\/index.php\/wp-json\/wp\/v2\/comments?post=943"}],"version-history":[{"count":24,"href":"https:\/\/acamusiquewb.be\/index.php\/wp-json\/wp\/v2\/pages\/943\/revisions"}],"predecessor-version":[{"id":3325,"href":"https:\/\/acamusiquewb.be\/index.php\/wp-json\/wp\/v2\/pages\/943\/revisions\/3325"}],"wp:attachment":[{"href":"https:\/\/acamusiquewb.be\/index.php\/wp-json\/wp\/v2\/media?parent=943"}],"curies":[{"name":"wp","href":"https:\/\/api.w.org\/{rel}","templated":true}]}}