{"id":957,"date":"2021-05-19T23:12:12","date_gmt":"2021-05-19T21:12:12","guid":{"rendered":"http:\/\/anwabox.cluster030.hosting.ovh.net\/?page_id=957"},"modified":"2025-09-16T16:30:43","modified_gmt":"2025-09-16T14:30:43","slug":"declamation","status":"publish","type":"page","link":"https:\/\/acamusiquewb.be\/index.php\/declamation\/","title":{"rendered":"D\u00e9clamation"},"content":{"rendered":"\n<p class=\"has-medium-font-size\"><strong><em>COURS COLLECTIFS<\/em><\/strong><\/p>\n\n\n\n<p>Ces cours semi-collectif vous invitent \u00e0 l\u2019interpr\u00e9tation de textes de po\u00e9sie, de one-man show ou encore &nbsp;des extraits de romans en vous donnant la possibilit\u00e9 d\u2019am\u00e9liorer votre expression verbale.<\/p>\n\n\n\n<p>Professeur :<\/p>\n\n\n\n<ul class=\"wp-block-list\">\n<li>M. Olivier CEUX<\/li>\n<\/ul>\n\n\n\n<p><\/p>\n\n\n\n<p class=\"has-medium-font-size\"><strong><em>HORAIRES 2025-2026\u00a0<\/em><\/strong><\/p>\n\n\n\n<ul class=\"wp-block-list\">\n<li>Mercredi de 16h \u00e0 16h50<\/li>\n\n\n\n<li>Jeudi de 17h20 \u00e0 18h10 suivi de l&rsquo;atelier d\u00e9clamation de 18h10 \u00e0 19h (\u00e0 suivre ensemble ou s\u00e9par\u00e9ment suivant votre situation au niveau du nombre minimum de p\u00e9riodes requis)<\/li>\n<\/ul>\n\n\n\n<p><\/p>\n\n\n\n<p class=\"has-medium-font-size\"><strong><em>CONDITIONS D&rsquo;ACC\u00c8S<\/em><\/strong><\/p>\n\n\n\n<ul class=\"wp-block-list\">\n<li>A partir de 14 ans<\/li>\n\n\n\n<li>S&rsquo;\u00eatre acquitt\u00e9 du minerval et avoir fourni les documents utiles dans les d\u00e9lais prescrits<\/li>\n<\/ul>\n\n\n\n<p><\/p>\n","protected":false},"excerpt":{"rendered":"<p>COURS COLLECTIFS Ces cours semi-collectif vous invitent \u00e0 l\u2019interpr\u00e9tation de textes de po\u00e9sie, de one-man show ou encore &nbsp;des extraits de romans en vous donnant la possibilit\u00e9 d\u2019am\u00e9liorer votre expression verbale. Professeur : HORAIRES 2025-2026\u00a0 CONDITIONS D&rsquo;ACC\u00c8S<\/p>\n","protected":false},"author":1,"featured_media":0,"parent":0,"menu_order":0,"comment_status":"closed","ping_status":"closed","template":"","meta":{"_acf_changed":false,"footnotes":""},"class_list":["post-957","page","type-page","status-publish","hentry"],"acf":[],"_links":{"self":[{"href":"https:\/\/acamusiquewb.be\/index.php\/wp-json\/wp\/v2\/pages\/957","targetHints":{"allow":["GET"]}}],"collection":[{"href":"https:\/\/acamusiquewb.be\/index.php\/wp-json\/wp\/v2\/pages"}],"about":[{"href":"https:\/\/acamusiquewb.be\/index.php\/wp-json\/wp\/v2\/types\/page"}],"author":[{"embeddable":true,"href":"https:\/\/acamusiquewb.be\/index.php\/wp-json\/wp\/v2\/users\/1"}],"replies":[{"embeddable":true,"href":"https:\/\/acamusiquewb.be\/index.php\/wp-json\/wp\/v2\/comments?post=957"}],"version-history":[{"count":12,"href":"https:\/\/acamusiquewb.be\/index.php\/wp-json\/wp\/v2\/pages\/957\/revisions"}],"predecessor-version":[{"id":3320,"href":"https:\/\/acamusiquewb.be\/index.php\/wp-json\/wp\/v2\/pages\/957\/revisions\/3320"}],"wp:attachment":[{"href":"https:\/\/acamusiquewb.be\/index.php\/wp-json\/wp\/v2\/media?parent=957"}],"curies":[{"name":"wp","href":"https:\/\/api.w.org\/{rel}","templated":true}]}}