{"id":962,"date":"2021-05-19T23:15:13","date_gmt":"2021-05-19T21:15:13","guid":{"rendered":"http:\/\/anwabox.cluster030.hosting.ovh.net\/?page_id=962"},"modified":"2025-09-16T16:29:11","modified_gmt":"2025-09-16T14:29:11","slug":"formation-pluridisciplinaire","status":"publish","type":"page","link":"https:\/\/acamusiquewb.be\/index.php\/formation-pluridisciplinaire\/","title":{"rendered":"Formation pluridisciplinaire"},"content":{"rendered":"\n<p class=\"has-medium-font-size\"><strong><em>COURS COLLECTIFS<\/em><\/strong><\/p>\n\n\n\n<p>Ce cours propose une initiation \u00e0 la sc\u00e8ne sous plusieurs formes&nbsp;: le th\u00e9\u00e2tre, l\u2019\u00e9loquence et la d\u00e9clamation. En groupe, nous aborderons de fa\u00e7on tr\u00e8s r\u00e9jouissante \u00ab&nbsp;les planches&nbsp;\u00bb. Nous nous formerons \u00e0 l\u2019\u00e9coute, \u00e0 la prise de parole en public de fa\u00e7on ludique et cr\u00e9ative.<\/p>\n\n\n\n<p>Professeur.es :<\/p>\n\n\n\n<ul class=\"wp-block-list\">\n<li>Mme Sylvie MALADRY (mardi)<\/li>\n\n\n\n<li>M. Olivier CEUX (mercredi)<\/li>\n\n\n\n<li>Mme Estelle MARRA (mercredi)<\/li>\n<\/ul>\n\n\n\n<p><\/p>\n\n\n\n<p class=\"has-medium-font-size\"><strong><em>HORAIRES 2025-2026<\/em><\/strong><\/p>\n\n\n\n<p><strong>3<sup>\u00e8me<\/sup>&nbsp; \u00e0 4<sup>\u00e8me<\/sup> primaire (8-10 ans)&nbsp;:<\/strong><\/p>\n\n\n\n<ul class=\"wp-block-list\">\n<li>Mardi de 16h \u00e0 17h40<\/li>\n\n\n\n<li>Mercredi de 14h \u00e0 15h40&nbsp;<\/li>\n<\/ul>\n\n\n\n<p><\/p>\n\n\n\n<p><strong>5\u00e8me \u00e0 6\u00e8me primaire (10-12 ans):<\/strong><\/p>\n\n\n\n<ul class=\"wp-block-list\">\n<li>Mercredi de 14h00 \u00e0 15h40<\/li>\n<\/ul>\n\n\n\n<p><\/p>\n\n\n\n<p class=\"has-medium-font-size\"><strong><em>CONDITIONS D&rsquo;ACC\u00c8S<\/em><\/strong><\/p>\n\n\n\n<ul class=\"wp-block-list\">\n<li>Avoir entre 8 ans et 12 ans.&nbsp;<\/li>\n\n\n\n<li>S&rsquo;\u00eatre acquitt\u00e9 du minerval et avoir fourni les documents utiles dans les d\u00e9lais prescrits<\/li>\n<\/ul>\n\n\n\n<p><\/p>\n","protected":false},"excerpt":{"rendered":"<p>COURS COLLECTIFS Ce cours propose une initiation \u00e0 la sc\u00e8ne sous plusieurs formes&nbsp;: le th\u00e9\u00e2tre, l\u2019\u00e9loquence et la d\u00e9clamation. En groupe, nous aborderons de fa\u00e7on tr\u00e8s r\u00e9jouissante \u00ab&nbsp;les planches&nbsp;\u00bb. Nous nous formerons \u00e0 l\u2019\u00e9coute, \u00e0 la prise de parole en public de fa\u00e7on ludique et cr\u00e9ative. Professeur.es : HORAIRES 2025-2026 3\u00e8me&nbsp; \u00e0 4\u00e8me primaire (8-10 ans)&nbsp;: 5\u00e8me \u00e0 6\u00e8me primaire&#8230;<\/p>\n","protected":false},"author":1,"featured_media":0,"parent":0,"menu_order":0,"comment_status":"closed","ping_status":"closed","template":"","meta":{"_acf_changed":false,"footnotes":""},"class_list":["post-962","page","type-page","status-publish","hentry"],"acf":[],"_links":{"self":[{"href":"https:\/\/acamusiquewb.be\/index.php\/wp-json\/wp\/v2\/pages\/962","targetHints":{"allow":["GET"]}}],"collection":[{"href":"https:\/\/acamusiquewb.be\/index.php\/wp-json\/wp\/v2\/pages"}],"about":[{"href":"https:\/\/acamusiquewb.be\/index.php\/wp-json\/wp\/v2\/types\/page"}],"author":[{"embeddable":true,"href":"https:\/\/acamusiquewb.be\/index.php\/wp-json\/wp\/v2\/users\/1"}],"replies":[{"embeddable":true,"href":"https:\/\/acamusiquewb.be\/index.php\/wp-json\/wp\/v2\/comments?post=962"}],"version-history":[{"count":27,"href":"https:\/\/acamusiquewb.be\/index.php\/wp-json\/wp\/v2\/pages\/962\/revisions"}],"predecessor-version":[{"id":3319,"href":"https:\/\/acamusiquewb.be\/index.php\/wp-json\/wp\/v2\/pages\/962\/revisions\/3319"}],"wp:attachment":[{"href":"https:\/\/acamusiquewb.be\/index.php\/wp-json\/wp\/v2\/media?parent=962"}],"curies":[{"name":"wp","href":"https:\/\/api.w.org\/{rel}","templated":true}]}}